{"id":19,"date":"2016-02-07T16:23:21","date_gmt":"2016-02-07T15:23:21","guid":{"rendered":"http:\/\/gitecollinedubonheur.nl\/?page_id=19"},"modified":"2019-01-06T13:22:08","modified_gmt":"2019-01-06T12:22:08","slug":"info","status":"publish","type":"page","link":"https:\/\/gitecollinedubonheur.nl\/en\/info\/","title":{"rendered":"Info","raw":"Info"},"content":{"rendered":"<h4 style=\"text-align: left;\"><strong><span style=\"color: #993300;\">G\u00eete Colline du Bonheur<\/span><\/strong><\/h4>\n<p><img loading=\"lazy\" decoding=\"async\" class=\"size-medium wp-image-129 alignright\" src=\"http:\/\/gitecollinedubonheur.nl\/wp-content\/uploads\/2016\/02\/Je-eigen-ingang-naar-de-patio-D-300x225.jpg\" width=\"300\" height=\"225\" srcset=\"https:\/\/gitecollinedubonheur.nl\/wp-content\/uploads\/2016\/02\/Je-eigen-ingang-naar-de-patio-D-300x225.jpg 300w, https:\/\/gitecollinedubonheur.nl\/wp-content\/uploads\/2016\/02\/Je-eigen-ingang-naar-de-patio-D-768x576.jpg 768w, https:\/\/gitecollinedubonheur.nl\/wp-content\/uploads\/2016\/02\/Je-eigen-ingang-naar-de-patio-D-700x525.jpg 700w, https:\/\/gitecollinedubonheur.nl\/wp-content\/uploads\/2016\/02\/Je-eigen-ingang-naar-de-patio-D.jpg 900w\" sizes=\"auto, (max-width: 300px) 100vw, 300px\" \/><\/p>\n<p>The cottage &#8220;Hill of Happiness&#8221; is an independent and isolated house on the own land (about 5 acres) of Patrice and Yvonne.<br \/>\nOutside the cottage, there are their own house, stables, cellars and the meadow.<br \/>\nThe cottage is fully restored and is situated on a higher plateau.<br \/>\nIt has its own gate (where you can load and unload your luggage), a large enclosed patio (approx. 12 x 12 meters) with covered terrace and furniture and a private entrance for exclusive use of tenants.<br \/>\nIn the most northern corner of the site are two caravans, one of which is leased.<br \/>\nThe cottage is built of limestone, typical of the Loire Valley. The walls have been restored and reinstalled.<br \/>\nAll floors and ceilings have been improved and also the water supply of electricity and drainage.<br \/>\nThe oak beams are visible in all three rooms. The roof is covered with old stoves.<br \/>\nOn the terrace one can have breakfast as well as dinner in the evening.<br \/>\nThe atmosphere is welcoming and warm. You will be amazed by the sunsets and endless hills.<\/p>\n<h4 style=\"text-align: left;\"><strong><span style=\"color: #993300;\">Special g\u00eete Colline du Bonheur<\/span><\/strong><\/h4>\n<p><img loading=\"lazy\" decoding=\"async\" class=\"size-medium wp-image-127 alignleft\" src=\"http:\/\/gitecollinedubonheur.nl\/wp-content\/uploads\/2016\/02\/eigen-cave-300x225.jpg\" alt=\"Le Cave\" width=\"300\" height=\"225\" srcset=\"https:\/\/gitecollinedubonheur.nl\/wp-content\/uploads\/2016\/02\/eigen-cave-300x225.jpg 300w, https:\/\/gitecollinedubonheur.nl\/wp-content\/uploads\/2016\/02\/eigen-cave-768x576.jpg 768w, https:\/\/gitecollinedubonheur.nl\/wp-content\/uploads\/2016\/02\/eigen-cave-700x525.jpg 700w, https:\/\/gitecollinedubonheur.nl\/wp-content\/uploads\/2016\/02\/eigen-cave.jpg 800w\" sizes=\"auto, (max-width: 300px) 100vw, 300px\" \/><\/p>\n<p>The cottage has been lovingly restored and furnished and you&#8217;re really on the hilly French countryside.<br \/>\nThough bakery, supermarket and restaurants can even be reached on foot.<br \/>\nFrench Patrice will be happy to wines and liqueurs to taste and besides cooking for you on the day of arrival.<br \/>\nDogs are welcome and can roam freely on the enclosed patio.<br \/>\nYou can use the summer a common pool<\/p>\n","protected":false,"raw":"<h4 style=\"text-align: left;\"><strong><span style=\"color: #993300;\">G\u00eete Colline du Bonheur<\/span><\/strong><\/h4>\n<img class=\"size-medium wp-image-129 alignright\" src=\"http:\/\/gitecollinedubonheur.nl\/wp-content\/uploads\/2016\/02\/Je-eigen-ingang-naar-de-patio-D-300x225.jpg\" width=\"300\" height=\"225\" \/>\n\nThe cottage \"Hill of Happiness\" is an independent and isolated house on the own land (about 5 acres) of Patrice and Yvonne.\nOutside the cottage, there are their own house, stables, cellars and the meadow.\nThe cottage is fully restored and is situated on a higher plateau.\nIt has its own gate (where you can load and unload your luggage), a large enclosed patio (approx. 12 x 12 meters) with covered terrace and furniture and a private entrance for exclusive use of tenants.\nIn the most northern corner of the site are two caravans, one of which is leased.\nThe cottage is built of limestone, typical of the Loire Valley. The walls have been restored and reinstalled.\nAll floors and ceilings have been improved and also the water supply of electricity and drainage.\nThe oak beams are visible in all three rooms. The roof is covered with old stoves.\nOn the terrace one can have breakfast as well as dinner in the evening.\nThe atmosphere is welcoming and warm. You will be amazed by the sunsets and endless hills.\n<h4 style=\"text-align: left;\"><strong><span style=\"color: #993300;\">Special g\u00eete Colline du Bonheur<\/span><\/strong><\/h4>\n<img class=\"size-medium wp-image-127 alignleft\" src=\"http:\/\/gitecollinedubonheur.nl\/wp-content\/uploads\/2016\/02\/eigen-cave-300x225.jpg\" alt=\"Le Cave\" width=\"300\" height=\"225\" \/>\n\nThe cottage has been lovingly restored and furnished and you're really on the hilly French countryside.\nThough bakery, supermarket and restaurants can even be reached on foot.\nFrench Patrice will be happy to wines and liqueurs to taste and besides cooking for you on the day of arrival.\nDogs are welcome and can roam freely on the enclosed patio.\nYou can use the summer a common pool"},"excerpt":{"rendered":"","protected":false,"raw":""},"author":1,"featured_media":0,"parent":0,"menu_order":2,"comment_status":"closed","ping_status":"closed","template":"","meta":{"_nl_post_content":"<h4 style=\"text-align: left;\"><strong><span style=\"color: #993300;\">G\u00eete Colline du Bonheur<\/span><\/strong><\/h4>\n<img class=\"size-medium wp-image-129 alignright\" src=\"http:\/\/gitecollinedubonheur.nl\/wp-content\/uploads\/2016\/02\/Je-eigen-ingang-naar-de-patio-D-300x225.jpg\" alt=\"De afgeloten zij-ingang leidt naar de Patio\" width=\"300\" height=\"225\" \/>\n<p style=\"text-align: left;\">G\u00eete Colline du Bonheur is een zelfstandig, apart gelegen vakantiehuis op het ca. 1 hectare terrein van Yvonne en Patrice.\nBehalve de g\u00eete staan er het eigen woonhuis, stallen en zijn er caves en een paardenwei.\nDe compleet gerestaureerde g\u00eete staat op een hoger gelegen plateau.\nHet heeft een eigen poort, waar u uw baggage kunt lossen en laden, een grote (ca. 12 x 12 meter) omsloten patio met een gemeubileerd, overdekt terras en eigen entr\u00e9e, exclusief voor gebruik van de gasten.\nUw auto kunt u op een hoger gelegen terrein veilig parkeren.\nIn de uiterste Noordhoek van het terrein staan (uit het zicht) twee caravans,waarvan er een wordt verhuurd.\nDe\u00a0g\u00eete\u00a0is gebouwd van kalkstenen die typerend zijn voor de\u00a0Loirevallei.\nDe muren zijn gerestaureerd en opnieuw gevoegd.\nAlle vloeren en plafonds zijn vernieuwd, evenals de elektra, water aan- en afvoer.\nDe eiken draagbalken zijn in alle drie de vertrekken zichtbaar. Het dak is voorzien van ouderwetse pannen.\nOp de patio ontbijten en er \u2019s avonds dineren, de sfeer is gemoedelijk, landelijk en gastvrij.\nU zult versteld staan van de prachtige zonsondergangen en het uitgestrekte heuvellandschap.<\/p>\n\n<h4 style=\"text-align: left;\"><strong><span style=\"color: #993300;\">Speciaal g\u00eete Colline du Bonheur<\/span><\/strong><\/h4>\n<img class=\"size-medium wp-image-127 alignleft\" src=\"http:\/\/gitecollinedubonheur.nl\/wp-content\/uploads\/2016\/02\/eigen-cave-300x225.jpg\" alt=\"Le Cave\" width=\"300\" height=\"225\" \/>\n\nDe g\u00eete is met zorg gerestaureerd en ingericht en u bent hier echt op het heuvelige Franse platteland.\nAlhoewel bakker, supermarkt en restaurants zelfs te voet zijn te bereiken.\nFranse Patrice zal u graag wijnen en likeurtjes laten proeven en bovendien voor u koken op de dag van aankomst.\nHonden zijn welkom en kunnen vrij rondlopen op de omsloten patio.\nU kunt in de zomer gebruik maken van een gemeenschappelijk zwembad","_nl_post_name":"info","_nl_post_excerpt":"","_nl_post_title":"Info","_en_post_content":"<h4 style=\"text-align: left;\"><strong><span style=\"color: #993300;\">G\u00eete Colline du Bonheur<\/span><\/strong><\/h4>\n<img class=\"size-medium wp-image-129 alignright\" src=\"http:\/\/gitecollinedubonheur.nl\/wp-content\/uploads\/2016\/02\/Je-eigen-ingang-naar-de-patio-D-300x225.jpg\" width=\"300\" height=\"225\" \/>\n\nThe cottage \"Hill of Happiness\" is an independent and isolated house on the own land (about 5 acres) of Patrice and Yvonne.\nOutside the cottage, there are their own house, stables, cellars and the meadow.\nThe cottage is fully restored and is situated on a higher plateau.\nIt has its own gate (where you can load and unload your luggage), a large enclosed patio (approx. 12 x 12 meters) with covered terrace and furniture and a private entrance for exclusive use of tenants.\nIn the most northern corner of the site are two caravans, one of which is leased.\nThe cottage is built of limestone, typical of the Loire Valley. The walls have been restored and reinstalled.\nAll floors and ceilings have been improved and also the water supply of electricity and drainage.\nThe oak beams are visible in all three rooms. The roof is covered with old stoves.\nOn the terrace one can have breakfast as well as dinner in the evening.\nThe atmosphere is welcoming and warm. You will be amazed by the sunsets and endless hills.\n<h4 style=\"text-align: left;\"><strong><span style=\"color: #993300;\">Special g\u00eete Colline du Bonheur<\/span><\/strong><\/h4>\n<img class=\"size-medium wp-image-127 alignleft\" src=\"http:\/\/gitecollinedubonheur.nl\/wp-content\/uploads\/2016\/02\/eigen-cave-300x225.jpg\" alt=\"Le Cave\" width=\"300\" height=\"225\" \/>\n\nThe cottage has been lovingly restored and furnished and you're really on the hilly French countryside.\nThough bakery, supermarket and restaurants can even be reached on foot.\nFrench Patrice will be happy to wines and liqueurs to taste and besides cooking for you on the day of arrival.\nDogs are welcome and can roam freely on the enclosed patio.\nYou can use the summer a common pool","_en_post_name":"info","_en_post_excerpt":"","_en_post_title":"Info","_fr_post_content":"<h4 style=\"text-align: left;\"><strong><span style=\"color: #993300;\">G\u00eete Colline du Bonheur<\/span><\/strong><\/h4>\n<img class=\"size-medium wp-image-129 alignright\" src=\"http:\/\/gitecollinedubonheur.nl\/wp-content\/uploads\/2016\/02\/Je-eigen-ingang-naar-de-patio-D-300x225.jpg\" width=\"300\" height=\"225\" \/>\n\nLe g\u00eete Colline du Bonheur est une maison ind\u00e9pendante et isol\u00e9e sur le terrain priv\u00e9 (d'environ 1 ha) de Yvonne et Patrice Seveau de Hiep.\nEn dehors du g\u00eete, il y a la maison principale, des \u00e9curies, des caves et un pr\u00e9.\nLe g\u00eete est enti\u00e8rement restaur\u00e9 et est situ\u00e9 sur un plateau plus \u00e9lev\u00e9 que la maison principale.\nLe g\u00eete a son propre portail afin de vous faciliter l'acc\u00e8s (o\u00f9 vous pouvez charger\/d\u00e9charger vos bagages) et un grand patio clos\n(env. 12 x 12 m\u00e8tres) avec une terrasse couverte.\nDans le coin extr\u00eame nord du site, hors de la vue, sur une terrasse plus \u00e9lev\u00e9e se trouvent deux caravanes, dont une est lou\u00e9.\nLe g\u00eete est construit en pierre calcaire typique de la vall\u00e9e de la Loire. Les murs ont \u00e9t\u00e9 enti\u00e8rement restaur\u00e9s.\nTous les planchers et plafonds ont \u00e9t\u00e9 \u00e9galement restaur\u00e9s, ainsi que l'alimentation en eau, l'\u00e9lectricit\u00e9 et l'\u00e9vacuation.\nLes poutres en ch\u00eane sont visibles dans les trois pi\u00e8ces. Le toit a tuiles restaur\u00e9 \u00e0 l'ancienne.\nVous serez ravis de pouvoir prendre votre petit-d\u00e9jeuner ou d\u00eener, ou de faire un barbecue (sur place) dans cette ambiance chaleureuse et champ\u00eatre au calme et en plein nature.\n<h4 style=\"text-align: left;\"><strong><span style=\"color: #993300;\">Sp\u00e9cial g\u00eete Colline du Bonheur<\/span><\/strong><\/h4>\n<img class=\"size-medium wp-image-127 alignleft\" src=\"http:\/\/gitecollinedubonheur.nl\/wp-content\/uploads\/2016\/02\/eigen-cave-300x225.jpg\" alt=\"Le Cave\" width=\"300\" height=\"225\" \/>\n\nLe chalet a \u00e9t\u00e9 soigneusement restaur\u00e9 et meubl\u00e9 et vous \u00eates vraiment sur la campagne fran\u00e7aise vallonn\u00e9e.\nBien que la boulangerie, supermarch\u00e9 et restaurants peuvent m\u00eame \u00eatre accessibles \u00e0 pied.\nPatrice seront heureux de vins et liqueurs \u00e0 d\u00e9guster et d'ailleurs la cuisine pour vous le jour de l'arriv\u00e9e.\nLes chiens sont les bienvenus et peuvent se d\u00e9placer librement sur le patio ferm\u00e9.\nVous pouvez utiliser l'\u00e9t\u00e9 une piscine commune","_fr_post_name":"info","_fr_post_excerpt":"","_fr_post_title":"Info","edit_language":"en","footnotes":""},"class_list":["post-19","page","type-page","status-publish","hentry"],"_links":{"self":[{"href":"https:\/\/gitecollinedubonheur.nl\/en\/wp-json\/wp\/v2\/pages\/19","targetHints":{"allow":["GET"]}}],"collection":[{"href":"https:\/\/gitecollinedubonheur.nl\/en\/wp-json\/wp\/v2\/pages"}],"about":[{"href":"https:\/\/gitecollinedubonheur.nl\/en\/wp-json\/wp\/v2\/types\/page"}],"author":[{"embeddable":true,"href":"https:\/\/gitecollinedubonheur.nl\/en\/wp-json\/wp\/v2\/users\/1"}],"replies":[{"embeddable":true,"href":"https:\/\/gitecollinedubonheur.nl\/en\/wp-json\/wp\/v2\/comments?post=19"}],"version-history":[{"count":62,"href":"https:\/\/gitecollinedubonheur.nl\/en\/wp-json\/wp\/v2\/pages\/19\/revisions"}],"predecessor-version":[{"id":1031,"href":"https:\/\/gitecollinedubonheur.nl\/en\/wp-json\/wp\/v2\/pages\/19\/revisions\/1031"}],"wp:attachment":[{"href":"https:\/\/gitecollinedubonheur.nl\/en\/wp-json\/wp\/v2\/media?parent=19"}],"curies":[{"name":"wp","href":"https:\/\/api.w.org\/{rel}","templated":true}]}}