{"id":22,"date":"2016-02-07T16:23:39","date_gmt":"2016-02-07T15:23:39","guid":{"rendered":"http:\/\/gitecollinedubonheur.nl\/?page_id=22"},"modified":"2016-09-09T11:27:34","modified_gmt":"2016-09-09T09:27:34","slug":"the-gite","status":"publish","type":"page","link":"https:\/\/gitecollinedubonheur.nl\/en\/info\/the-gite\/","title":{"rendered":"The Gite","raw":"The Gite"},"content":{"rendered":"<h4><strong><span style=\"color: #993300;\">The layout of the cottage<\/span><\/strong><\/h4>\n<p>The entry consists of a small staircase that leads to the kitchen with fireplace and antique wood burner.<br \/>\n<img loading=\"lazy\" decoding=\"async\" class=\"alignright wp-image-197 size-medium\" src=\"http:\/\/gitecollinedubonheur.nl\/wp-content\/uploads\/2016\/02\/i.a74659a5ea407e672616b99f74d5bdfa-300x200.jpg\" width=\"300\" height=\"200\" srcset=\"https:\/\/gitecollinedubonheur.nl\/wp-content\/uploads\/2016\/02\/i.a74659a5ea407e672616b99f74d5bdfa-300x200.jpg 300w, https:\/\/gitecollinedubonheur.nl\/wp-content\/uploads\/2016\/02\/i.a74659a5ea407e672616b99f74d5bdfa-768x512.jpg 768w, https:\/\/gitecollinedubonheur.nl\/wp-content\/uploads\/2016\/02\/i.a74659a5ea407e672616b99f74d5bdfa-700x466.jpg 700w, https:\/\/gitecollinedubonheur.nl\/wp-content\/uploads\/2016\/02\/i.a74659a5ea407e672616b99f74d5bdfa.jpg 800w\" sizes=\"auto, (max-width: 300px) 100vw, 300px\" \/>In the space of about 40 m2 stand a comfortable lounge, a diner table and chairs and kitchen.<br \/>\nThe kitchen has a refrigerator, stove with oven, coffee maker, kettle, sink and plenty of crockery, cutlery and cooking utensils for four people. <\/p>\n<p>You&#8217;ll also have a reserve of coffee, tea and spices.<br \/>\nFrom the window in the kitchen you see the geese and chickens in the backyard around the home of Yvonne and Patrice. <\/p>\n<p><img loading=\"lazy\" decoding=\"async\" class=\"size-medium wp-image-124 alignleft\" src=\"http:\/\/gitecollinedubonheur.nl\/wp-content\/uploads\/2016\/02\/slpkmr1-apr11-licht-300x224.jpg\" width=\"300\" height=\"224\" srcset=\"https:\/\/gitecollinedubonheur.nl\/wp-content\/uploads\/2016\/02\/slpkmr1-apr11-licht-300x224.jpg 300w, https:\/\/gitecollinedubonheur.nl\/wp-content\/uploads\/2016\/02\/slpkmr1-apr11-licht-768x574.jpg 768w, https:\/\/gitecollinedubonheur.nl\/wp-content\/uploads\/2016\/02\/slpkmr1-apr11-licht-1024x765.jpg 1024w, https:\/\/gitecollinedubonheur.nl\/wp-content\/uploads\/2016\/02\/slpkmr1-apr11-licht-700x523.jpg 700w, https:\/\/gitecollinedubonheur.nl\/wp-content\/uploads\/2016\/02\/slpkmr1-apr11-licht.jpg 1280w\" sizes=\"auto, (max-width: 300px) 100vw, 300px\" \/><\/p>\n<p>From the windows in the living room and bedrooms overlooking the terrace.<br \/>\nBeside the kitchen is the first sleeping room in which one double of 1.40 to 1.90 meters.<br \/>\nIn this comfortable room is also the entrance to the bathroom, with a shower, sink, toilet, washing machine and storage space.<\/p>\n<p>Apart from the first chamber is the second bedroom with two beds of 0.90 to 2 meters, which may be placed apart or side-by-side.<br \/>\nThis room has an exit that leads directly to the covered terrace and patio.<\/p>\n<p><img loading=\"lazy\" decoding=\"async\" class=\"size-medium wp-image-126 alignright\" src=\"http:\/\/gitecollinedubonheur.nl\/wp-content\/uploads\/2016\/02\/slpkmr2-feb2011-300x224.jpg\" width=\"300\" height=\"224\" srcset=\"https:\/\/gitecollinedubonheur.nl\/wp-content\/uploads\/2016\/02\/slpkmr2-feb2011-300x224.jpg 300w, https:\/\/gitecollinedubonheur.nl\/wp-content\/uploads\/2016\/02\/slpkmr2-feb2011-768x573.jpg 768w, https:\/\/gitecollinedubonheur.nl\/wp-content\/uploads\/2016\/02\/slpkmr2-feb2011-1024x764.jpg 1024w, https:\/\/gitecollinedubonheur.nl\/wp-content\/uploads\/2016\/02\/slpkmr2-feb2011-700x522.jpg 700w, https:\/\/gitecollinedubonheur.nl\/wp-content\/uploads\/2016\/02\/slpkmr2-feb2011.jpg 1215w\" sizes=\"auto, (max-width: 300px) 100vw, 300px\" \/><\/p>\n<h3><strong><span style=\"color: #993300;\">Facilities and Services<\/span><\/strong><\/h3>\n<div class=\"features_box\">\n<h4><span style=\"color: #993300;\">Kitchen, cooking, food<\/span><\/h4>\n<ul>\n<li>Stove<\/li>\n<li>Chair for young children<\/li>\n<li>Microwave<\/li>\n<li>Qven<\/li>\n<\/ul>\n<h4><span style=\"color: #993300;\">Services<\/span><\/h4>\n<ul>\n<li>Wood stove<\/li>\n<li>Satellite TV (French channels)<\/li>\n<li><img loading=\"lazy\" decoding=\"async\" src=\"http:\/\/gitecollinedubonheur.nl\/wp-content\/uploads\/2016\/02\/vakantiehuiswifi.png\" alt=\"\" width=\"40\" height=\"18\" class=\"alignnone size-full wp-image-933\" \/><\/li>\n<\/ul>\n<h4><span style=\"color: #993300;\">Sleep, nursing<\/span><\/h4>\n<ul>\n<li>Children (camping) bed<\/li>\n<li>Washing machine<\/li>\n<\/ul>\n<\/div>\n<h4><span style=\"color: #993300;\">Activities<\/span><\/h4>\n<ul>\n<li>Barbeque<\/li>\n<li>pool, on property of the owners.<\/li>\n<\/ul>\n","protected":false,"raw":"<h4><strong><span style=\"color: #993300;\">The layout of the cottage<\/span><\/strong><\/h4>\r\nThe entry consists of a small staircase that leads to the kitchen with fireplace and antique wood burner.\r\n<img class=\"alignright wp-image-197 size-medium\" src=\"http:\/\/gitecollinedubonheur.nl\/wp-content\/uploads\/2016\/02\/i.a74659a5ea407e672616b99f74d5bdfa-300x200.jpg\" width=\"300\" height=\"200\" \/>In the space of about 40 m2 stand a comfortable lounge, a diner table and chairs and kitchen. \r\nThe kitchen has a refrigerator, stove with oven, coffee maker, kettle, sink and plenty of crockery, cutlery and cooking utensils for four people. \r\n\r\nYou'll also have a reserve of coffee, tea and spices.\r\nFrom the window in the kitchen you see the geese and chickens in the backyard around the home of Yvonne and Patrice. \r\n\r\n<img class=\"size-medium wp-image-124 alignleft\" src=\"http:\/\/gitecollinedubonheur.nl\/wp-content\/uploads\/2016\/02\/slpkmr1-apr11-licht-300x224.jpg\" width=\"300\" height=\"224\" \/>\r\n\r\nFrom the windows in the living room and bedrooms overlooking the terrace.\r\nBeside the kitchen is the first sleeping room in which one double of 1.40 to 1.90 meters. \r\nIn this comfortable room is also the entrance to the bathroom, with a shower, sink, toilet, washing machine and storage space.\r\n\r\nApart from the first chamber is the second bedroom with two beds of 0.90 to 2 meters, which may be placed apart or side-by-side. \r\nThis room has an exit that leads directly to the covered terrace and patio.\r\n\r\n<img class=\"size-medium wp-image-126 alignright\" src=\"http:\/\/gitecollinedubonheur.nl\/wp-content\/uploads\/2016\/02\/slpkmr2-feb2011-300x224.jpg\" width=\"300\" height=\"224\" \/>\r\n<h3><strong><span style=\"color: #993300;\">Facilities and Services<\/span><\/strong><\/h3>\r\n<div class=\"features_box\">\r\n<h4><span style=\"color: #993300;\">Kitchen, cooking, food<\/span><\/h4>\r\n<ul>\r\n\t<li>Stove<\/li>\r\n\t<li>Chair for young children<\/li>\r\n\t<li>Microwave<\/li>\r\n\t<li>Qven<\/li>\r\n<\/ul>\r\n<h4><span style=\"color: #993300;\">Services<\/span><\/h4>\r\n<ul>\r\n\t<li>Wood stove<\/li>\r\n\t<li>Satellite TV (French channels)<\/li>\r\n\t<li><img src=\"http:\/\/gitecollinedubonheur.nl\/wp-content\/uploads\/2016\/02\/vakantiehuiswifi.png\" alt=\"\" width=\"40\" height=\"18\" class=\"alignnone size-full wp-image-933\" \/><\/li>\r\n<\/ul>\r\n<h4><span style=\"color: #993300;\">Sleep, nursing<\/span><\/h4>\r\n<ul>\r\n\t<li>Children (camping) bed<\/li>\r\n\t<li>Washing machine<\/li>\r\n<\/ul>\r\n<\/div>\r\n<h4><span style=\"color: #993300;\">Activities<\/span><\/h4>\r\n<ul>\r\n\t<li>Barbeque<\/li>\r\n        <li>pool, on property of the owners.<\/li>\r\n<\/ul>"},"excerpt":{"rendered":"","protected":false,"raw":""},"author":1,"featured_media":0,"parent":19,"menu_order":1,"comment_status":"closed","ping_status":"closed","template":"","meta":{"_nl_post_content":"<h4><strong><span style=\"color: #993300;\">Indeling<\/span><\/strong><\/h4>\r\nDe entr\u00e9e bestaat uit een stenen trapje dat leidt naar de woonkeuken met antieke schouw en houtkachel.\r\n<img class=\"alignright wp-image-197 size-medium\" src=\"http:\/\/gitecollinedubonheur.nl\/wp-content\/uploads\/2016\/02\/i.a74659a5ea407e672616b99f74d5bdfa-300x200.jpg\" alt=\"Keuken\" width=\"300\" height=\"200\" \/>In deze ruimte van ca. 40 m2 staan een comfortabele zithoek, een eettafel met stoelen en is de keukenhoek.\r\nDe keukenhoek is voorzien van een koelkast met vriesvak, gasfornuis met oven, een koffiezetapparaat, een waterkoker, spoelbak en voldoende servies, bestek en pannen voor vier personen.\r\n\r\nBovendien treft u er een voorraadje koffie, thee en kruiden aan. Wanneer u iets aan keukengereedschappen mist, dan kan Yvonne u daar wellicht direct aan helpen.\r\nVanuit het keukenraam bij de keukenhoek ziet u de ganzen en kippen scharrelen op het lager gelegen erf rondom het huis van Yvonne en Patrice.\r\n\r\n<img class=\"size-medium wp-image-124 alignleft\" src=\"http:\/\/gitecollinedubonheur.nl\/wp-content\/uploads\/2016\/02\/slpkmr1-apr11-licht-300x224.jpg\" alt=\"Slaapkamer 1\" width=\"300\" height=\"224\" \/>\r\n\r\nVanuit de ramen bij de zithoek en de slaapkamers kijkt u op uw eigen patio met bloemen en planten.\r\nNaast de woonkeuken bevindt zich de eerste slaapkamer waarin een twee persoonsbed van 1,40 bij 1,90 meter.\r\nIn deze knusse slaapkamer is tevens de ingang naar de badkamer. Hierin treft u een douche, wastafel, toilet en wasmachine aan.\r\nNaast de eerste slaapkamer bevindt zich de tweede slaapkamer waarin twee eenpersoonsbedden van 0,90 bij 2 meter en een Franse linnenkast staan.\r\n\r\nDeze slaapkamer heeft een uitgang die direct uitkomt op het overdekte terras en de patio.\r\nBeide slaapkamers kijken uit op de eigen patio.\r\n\r\n<img class=\"size-medium wp-image-126 alignright\" src=\"http:\/\/gitecollinedubonheur.nl\/wp-content\/uploads\/2016\/02\/slpkmr2-feb2011-300x224.jpg\" alt=\"Slaapkamer 2\" width=\"300\" height=\"224\" \/>\r\n<h3><strong><span style=\"color: #993300;\">Faciliteiten en service<\/span><\/strong><\/h3>\r\n<div class=\"features_box\">\r\n<h4><span style=\"color: #993300;\">Keuken, koken, eten<\/span><\/h4>\r\n<ul>\r\n\t<li>Gasfornuis<\/li>\r\n\t<li>Kinderstoel<\/li>\r\n\t<li>Magnetron<\/li>\r\n\t<li>Oven<\/li>\r\n<\/ul>\r\n<h4><span style=\"color: #993300;\">Voorzieningen<\/span><\/h4>\r\n<ul>\r\n\t<li>Houtkachel<\/li>\r\n\t<li>TV satelliet (Franse zenders)<\/li>\r\n\t<li><img src=\"http:\/\/gitecollinedubonheur.nl\/wp-content\/uploads\/2016\/02\/vakantiehuiswifi.png\" alt=\"\" width=\"40\" height=\"18\" class=\"alignnone size-full wp-image-933\" \/><\/li>\r\n<\/ul>\r\n<h4><span style=\"color: #993300;\">Slapen, verzorging<\/span><\/h4>\r\n<ul>\r\n\t<li>Kinder(camping)bedje<\/li>\r\n\t<li>Wasmachine<\/li>\r\n<\/ul>\r\n<\/div>\r\n<h4><span style=\"color: #993300;\">Activiteiten<\/span><\/h4>\r\n<ul>\r\n\t<li>Barbeque<\/li>\r\n\t<li>Zwembad, op erf van de eigenaren<\/li>\r\n<\/ul>","_nl_post_name":"gite","_nl_post_excerpt":"","_nl_post_title":"de Gite","_en_post_content":"<h4><strong><span style=\"color: #993300;\">The layout of the cottage<\/span><\/strong><\/h4>\r\nThe entry consists of a small staircase that leads to the kitchen with fireplace and antique wood burner.\r\n<img class=\"alignright wp-image-197 size-medium\" src=\"http:\/\/gitecollinedubonheur.nl\/wp-content\/uploads\/2016\/02\/i.a74659a5ea407e672616b99f74d5bdfa-300x200.jpg\" width=\"300\" height=\"200\" \/>In the space of about 40 m2 stand a comfortable lounge, a diner table and chairs and kitchen. \r\nThe kitchen has a refrigerator, stove with oven, coffee maker, kettle, sink and plenty of crockery, cutlery and cooking utensils for four people. \r\n\r\nYou'll also have a reserve of coffee, tea and spices.\r\nFrom the window in the kitchen you see the geese and chickens in the backyard around the home of Yvonne and Patrice. \r\n\r\n<img class=\"size-medium wp-image-124 alignleft\" src=\"http:\/\/gitecollinedubonheur.nl\/wp-content\/uploads\/2016\/02\/slpkmr1-apr11-licht-300x224.jpg\" width=\"300\" height=\"224\" \/>\r\n\r\nFrom the windows in the living room and bedrooms overlooking the terrace.\r\nBeside the kitchen is the first sleeping room in which one double of 1.40 to 1.90 meters. \r\nIn this comfortable room is also the entrance to the bathroom, with a shower, sink, toilet, washing machine and storage space.\r\n\r\nApart from the first chamber is the second bedroom with two beds of 0.90 to 2 meters, which may be placed apart or side-by-side. \r\nThis room has an exit that leads directly to the covered terrace and patio.\r\n\r\n<img class=\"size-medium wp-image-126 alignright\" src=\"http:\/\/gitecollinedubonheur.nl\/wp-content\/uploads\/2016\/02\/slpkmr2-feb2011-300x224.jpg\" width=\"300\" height=\"224\" \/>\r\n<h3><strong><span style=\"color: #993300;\">Facilities and Services<\/span><\/strong><\/h3>\r\n<div class=\"features_box\">\r\n<h4><span style=\"color: #993300;\">Kitchen, cooking, food<\/span><\/h4>\r\n<ul>\r\n\t<li>Stove<\/li>\r\n\t<li>Chair for young children<\/li>\r\n\t<li>Microwave<\/li>\r\n\t<li>Qven<\/li>\r\n<\/ul>\r\n<h4><span style=\"color: #993300;\">Services<\/span><\/h4>\r\n<ul>\r\n\t<li>Wood stove<\/li>\r\n\t<li>Satellite TV (French channels)<\/li>\r\n\t<li><img src=\"http:\/\/gitecollinedubonheur.nl\/wp-content\/uploads\/2016\/02\/vakantiehuiswifi.png\" alt=\"\" width=\"40\" height=\"18\" class=\"alignnone size-full wp-image-933\" \/><\/li>\r\n<\/ul>\r\n<h4><span style=\"color: #993300;\">Sleep, nursing<\/span><\/h4>\r\n<ul>\r\n\t<li>Children (camping) bed<\/li>\r\n\t<li>Washing machine<\/li>\r\n<\/ul>\r\n<\/div>\r\n<h4><span style=\"color: #993300;\">Activities<\/span><\/h4>\r\n<ul>\r\n\t<li>Barbeque<\/li>\r\n        <li>pool, on property of the owners.<\/li>\r\n<\/ul>","_en_post_name":"the-gite","_en_post_excerpt":"","_en_post_title":"The Gite","_fr_post_content":"<h4><strong><span style=\"color: #993300;\">L'am\u00e9nagement du g\u00eete<\/span><\/strong><\/h4>\r\nL'entr\u00e9e, un petit escalier de la cour privatif du gite, m\u00e8ne \u00e0 la cuisine et salon avec chemin\u00e9e et po\u00eale \u00e0 bois antique.\r\n<img class=\"alignright wp-image-197 size-medium\" src=\"http:\/\/gitecollinedubonheur.nl\/wp-content\/uploads\/2016\/02\/i.a74659a5ea407e672616b99f74d5bdfa-300x200.jpg\" width=\"300\" height=\"200\" \/>Dans cet espace d'environ 40 m2 se trouvent un salon confortable, et le coin cuisine avec une table ronde et 4 chaises. \r\nLa cuisine est \u00e9quip\u00e9e d'un r\u00e9frig\u00e9rateur, cuisini\u00e8re avec four, cafeti\u00e8re, bouilloire, un \u00e9vier et beaucoup de vaisselle, des couverts et ustensiles de cuisine pour quatre personnes.\r\n\r\nVous aurez aussi une r\u00e9serve de caf\u00e9, de th\u00e9 et d'\u00e9pices. \r\nDe la fen\u00eatre de la cuisine vous pouvez 'surveiller' les oies et les poules dans la basse cour autour de la maison d'Yvonne et Patrice.\r\n\r\n<img class=\"size-medium wp-image-124 alignleft\" src=\"http:\/\/gitecollinedubonheur.nl\/wp-content\/uploads\/2016\/02\/slpkmr1-apr11-licht-300x224.jpg\" width=\"300\" height=\"224\" \/>\r\n\r\nLes fen\u00eatres du salon et des chambres donnent sur votre cour privatif.\r\nA c\u00f4t\u00e9 de la cuisine se trouve la premi\u00e8re chambre avec un lit de 2 personnes de 140 x 190m. \r\nCette chambre confortable est aussi l'entr\u00e9e de la salle de bains, \u00e9quip\u00e9e d'une douche, d'un lavabo, des toilettes, une machine \u00e0 laver et un coin de stockage.\r\n\r\nLa deuxi\u00e8me chambre se trouve juste \u00e0 c\u00f4t\u00e9 avec deux lits de 90 x 200m qui peuvent \u00eatre juxtapos\u00e9s ou s\u00e9par\u00e9s dans la pi\u00e8ce, cette chambre dispose \u00e9galement d'une sortie qui m\u00e8ne directement \u00e0 la terrasse couverte et patio.\r\n\r\n<img class=\"size-medium wp-image-126 alignright\" src=\"http:\/\/gitecollinedubonheur.nl\/wp-content\/uploads\/2016\/02\/slpkmr2-feb2011-300x224.jpg\" width=\"300\" height=\"224\" \/>\r\n<h3><strong><span style=\"color: #993300;\">Equipements et services<\/span><\/strong><\/h3>\r\n<div class=\"features_box\">\r\n<h4><span style=\"color: #993300;\">Cuisine, cuisine, nourriture<\/span><\/h4>\r\n<ul>\r\n\t<li>Po\u00eale<\/li>\r\n\t<li>Chaise<\/li>\r\n\t<li>Mico-ondes<\/li>\r\n\t<li>Four<\/li>\r\n<\/ul>\r\n<h4><span style=\"color: #993300;\">Traits<\/span><\/h4>\r\n<ul>\r\n\t<li>Po\u00eales \u00e0 bois<\/li>\r\n\t<li>TV satellite (cha\u00eenes fran\u00e7aises)<\/li>\r\n\t<li><img src=\"http:\/\/gitecollinedubonheur.nl\/wp-content\/uploads\/2016\/02\/vakantiehuiswifi.png\" alt=\"\" width=\"40\" height=\"18\" class=\"alignnone size-full wp-image-933\" \/><\/li>\r\n<\/ul>\r\n<h4><span style=\"color: #993300;\">Sommeil, soins<\/span><\/h4>\r\n<ul>\r\n\t<li>Les enfants (camping) lit <\/li>\r\n\t<li>Machine \u00e0 laver<\/li>\r\n<\/ul>\r\n<\/div>\r\n<h4><span style=\"color: #993300;\">Activiteiten<\/span><\/h4>\r\n<ul>\r\n\t<li>Barbecue<\/li>\r\n        <li>piscine, sur la propri\u00e9t\u00e9 des propri\u00e9taires.<\/li>\r\n<\/ul>","_fr_post_name":"le-gite","_fr_post_excerpt":"","_fr_post_title":"le Gite","edit_language":"en","footnotes":""},"class_list":["post-22","page","type-page","status-publish","hentry"],"_links":{"self":[{"href":"https:\/\/gitecollinedubonheur.nl\/en\/wp-json\/wp\/v2\/pages\/22","targetHints":{"allow":["GET"]}}],"collection":[{"href":"https:\/\/gitecollinedubonheur.nl\/en\/wp-json\/wp\/v2\/pages"}],"about":[{"href":"https:\/\/gitecollinedubonheur.nl\/en\/wp-json\/wp\/v2\/types\/page"}],"author":[{"embeddable":true,"href":"https:\/\/gitecollinedubonheur.nl\/en\/wp-json\/wp\/v2\/users\/1"}],"replies":[{"embeddable":true,"href":"https:\/\/gitecollinedubonheur.nl\/en\/wp-json\/wp\/v2\/comments?post=22"}],"version-history":[{"count":40,"href":"https:\/\/gitecollinedubonheur.nl\/en\/wp-json\/wp\/v2\/pages\/22\/revisions"}],"predecessor-version":[{"id":956,"href":"https:\/\/gitecollinedubonheur.nl\/en\/wp-json\/wp\/v2\/pages\/22\/revisions\/956"}],"up":[{"embeddable":true,"href":"https:\/\/gitecollinedubonheur.nl\/en\/wp-json\/wp\/v2\/pages\/19"}],"wp:attachment":[{"href":"https:\/\/gitecollinedubonheur.nl\/en\/wp-json\/wp\/v2\/media?parent=22"}],"curies":[{"name":"wp","href":"https:\/\/api.w.org\/{rel}","templated":true}]}}