{"id":24,"date":"2016-02-07T16:23:51","date_gmt":"2016-02-07T15:23:51","guid":{"rendered":"http:\/\/gitecollinedubonheur.nl\/?page_id=24"},"modified":"2016-08-22T19:23:13","modified_gmt":"2016-08-22T17:23:13","slug":"around-the-cottage","status":"publish","type":"page","link":"https:\/\/gitecollinedubonheur.nl\/en\/info\/around-the-cottage\/","title":{"rendered":"Around the Cottage","raw":"Around the Cottage"},"content":{"rendered":"<p>Fishermen, cyclists and walkers can pick up along the Vienne River at 1 km.<br \/>\nA little further the sandy beaches in the river where you can sunbathe, picnic and paddle in summer time.<\/p>\n<p><img decoding=\"async\" class=\"wp-image-163 alignleft\" src=\"http:\/\/gitecollinedubonheur.nl\/wp-content\/uploads\/2016\/02\/Chinon-300x85.png\" alt=\"Chinon\" width=\"550\" srcset=\"https:\/\/gitecollinedubonheur.nl\/wp-content\/uploads\/2016\/02\/Chinon-300x85.png 300w, https:\/\/gitecollinedubonheur.nl\/wp-content\/uploads\/2016\/02\/Chinon-768x216.png 768w, https:\/\/gitecollinedubonheur.nl\/wp-content\/uploads\/2016\/02\/Chinon-1024x288.png 1024w, https:\/\/gitecollinedubonheur.nl\/wp-content\/uploads\/2016\/02\/Chinon-700x197.png 700w, https:\/\/gitecollinedubonheur.nl\/wp-content\/uploads\/2016\/02\/Chinon.png 1200w\" sizes=\"(max-width: 300px) 100vw, 300px\" \/>The nature is beautiful in all seasons but the spring (April and May!) is the best.<br \/>\nThere is a market every Thursday&#8217;s in Chinon, on Tuesday&#8217;s in Bourgueil and on Friday&#8217;s in St. Maure, all approximately a 20 minutes drive.<\/p>\n<p>Tuesday afternoon there is a small market on the square opposite the town hall of L&#8217;ile Bouchard.<\/p>\n<p>In season, there are also regular services around Theneuil: historic flea markets (vide greniers) and antique markets.<br \/>\nThe antique market in Chinon is held all year on the third Sunday of each month.<\/p>\n<p><img loading=\"lazy\" decoding=\"async\" class=\"alignnone wp-image-160 alignright\" src=\"http:\/\/gitecollinedubonheur.nl\/wp-content\/uploads\/2016\/02\/watermolen.jpg\" alt=\"watermolen\" width=\"219\" height=\"164\" \/>For cyclists and walkers, there are many trails.<br \/>\nCycling and hiking trials can be downloaded from the Internet for free.<br \/>\nLink: <span style=\"color: #993300;\"><a style=\"color: #993300;\" href=\"http:\/\/www.touraineloirevalley.co.uk\/\" target=\"_blank\">Touraine Loire Valley (English)<\/a><\/span><\/p>\n","protected":false,"raw":"Fishermen, cyclists and walkers can pick up along the Vienne River at 1 km.\r\nA little further the sandy beaches in the river where you can sunbathe, picnic and paddle in summer time.\r\n\r\n<img class=\"wp-image-163 alignleft\" src=\"http:\/\/gitecollinedubonheur.nl\/wp-content\/uploads\/2016\/02\/Chinon-300x85.png\" alt=\"Chinon\" width=\"550\" \/>The nature is beautiful in all seasons but the spring (April and May!) is the best.\r\nThere is a market every Thursday's in Chinon, on Tuesday's in Bourgueil and on Friday's in St. Maure, all approximately a 20 minutes drive.\r\n\r\nTuesday afternoon there is a small market on the square opposite the town hall of L'ile Bouchard.\r\n\r\nIn season, there are also regular services around Theneuil: historic flea markets (vide greniers) and antique markets.\r\nThe antique market in Chinon is held all year on the third Sunday of each month.\r\n\r\n<img class=\"alignnone wp-image-160 alignright\" src=\"http:\/\/gitecollinedubonheur.nl\/wp-content\/uploads\/2016\/02\/watermolen.jpg\" alt=\"watermolen\" width=\"219\" height=\"164\" \/>For cyclists and walkers, there are many trails. \r\nCycling and hiking trials can be downloaded from the Internet for free.\r\nLink: <span style=\"color: #993300;\"><a style=\"color: #993300;\" href=\"http:\/\/www.touraineloirevalley.co.uk\/\" target=\"_blank\">Touraine Loire Valley (English)<\/a><\/span>"},"excerpt":{"rendered":"","protected":false,"raw":""},"author":1,"featured_media":0,"parent":19,"menu_order":2,"comment_status":"closed","ping_status":"closed","template":"","meta":{"_nl_post_content":"Sportvissers, fietsers en wandelaars kunnen hun hart ophalen op en langs de rivier de Vienne op 1 kilometer.\r\nEven verderop zijn zomerse zandstrandjes in de rivier waar je heerlijk kunt zonnen, picknicken en poedelen.\r\n\r\n<img class=\"wp-image-163 alignleft\" src=\"http:\/\/gitecollinedubonheur.nl\/wp-content\/uploads\/2016\/02\/Chinon-300x85.png\" alt=\"Chinon\" width=\"550\" \/>De natuur is prachtig in alle seizoenen, maar de lente (vanaf maart\/april!) is het allermooist.\r\nEr is elke donderdag markt in Chinon, op dinsdag in Bourgeuil en op vrijdag in St. Maure (beroemd voor zijn kazen!), alle ca. 20 minuten verderop.\r\nOp dinsdagmiddag is er een kleine versmarkt op het plein tegenover het gemeentehuis van L\u2019ile Bouchard.\r\n\r\nIn het seizoen zijn er in de departementen rondom Theneuil bovendien regelmatig historische markten, rommelmarkten (vide greniers) en brocantes.\r\nDe antiekmarkt in Chinon wordt het hele jaar door op elke derde zondag van de maand gehouden.\r\n\r\n<img class=\"alignnone wp-image-160 alignright\" src=\"http:\/\/gitecollinedubonheur.nl\/wp-content\/uploads\/2016\/02\/watermolen.jpg\" alt=\"watermolen\" width=\"219\" height=\"164\" \/>Voor fietsers en wandelaars zijn er vele routes bewegwijzerd. \r\nFiets- en wandelroute-kaarten zijn op internet en via de VVV gratis verkrijgbaar.\r\nLink: <span style=\"color: #993300;\"><a style=\"color: #993300;\" href=\"http:\/\/www.touraineloirevalley.nl\/\" target=\"_blank\">Touraine Loire Valley (Nederlands)<\/a><\/span>","_nl_post_name":"omgeving","_nl_post_excerpt":"","_nl_post_title":"Omgeving","_en_post_content":"Fishermen, cyclists and walkers can pick up along the Vienne River at 1 km.\r\nA little further the sandy beaches in the river where you can sunbathe, picnic and paddle in summer time.\r\n\r\n<img class=\"wp-image-163 alignleft\" src=\"http:\/\/gitecollinedubonheur.nl\/wp-content\/uploads\/2016\/02\/Chinon-300x85.png\" alt=\"Chinon\" width=\"550\" \/>The nature is beautiful in all seasons but the spring (April and May!) is the best.\r\nThere is a market every Thursday's in Chinon, on Tuesday's in Bourgueil and on Friday's in St. Maure, all approximately a 20 minutes drive.\r\n\r\nTuesday afternoon there is a small market on the square opposite the town hall of L'ile Bouchard.\r\n\r\nIn season, there are also regular services around Theneuil: historic flea markets (vide greniers) and antique markets.\r\nThe antique market in Chinon is held all year on the third Sunday of each month.\r\n\r\n<img class=\"alignnone wp-image-160 alignright\" src=\"http:\/\/gitecollinedubonheur.nl\/wp-content\/uploads\/2016\/02\/watermolen.jpg\" alt=\"watermolen\" width=\"219\" height=\"164\" \/>For cyclists and walkers, there are many trails. \r\nCycling and hiking trials can be downloaded from the Internet for free.\r\nLink: <span style=\"color: #993300;\"><a style=\"color: #993300;\" href=\"http:\/\/www.touraineloirevalley.co.uk\/\" target=\"_blank\">Touraine Loire Valley (English)<\/a><\/span>","_en_post_name":"around-the-cottage","_en_post_excerpt":"","_en_post_title":"Around the Cottage","_fr_post_content":"Les p\u00eacheurs, les cyclistes et les promeneurs devraient se r\u00e9galer dans et le long de la Vienne qui coule \u00e0 1 km.\r\nVous pouvez vous installer sur des 'plages de sable' pour profiter d'un pique-nique, bronzage, les pieds dans l'eau, enfin la farniente.\r\n\r\n<img class=\"wp-image-163 alignleft\" src=\"http:\/\/gitecollinedubonheur.nl\/wp-content\/uploads\/2016\/02\/Chinon-300x85.png\" alt=\"Chinon\" width=\"550\" \/>La nature est belle en toutes saisons, mais le printemps (de Mars \/ Avril!) est vraiment magnifique.\r\nIl ya un grand march\u00e9 tous les jeudis \u00e0 Chinon, le mardi \u00e0 Bourgueil \u00e0 20 minutes et le vendredi \u00e0 Ste Maure (fromages de Ste Maure).\r\nLe mardi apr\u00e8s-midi il ya un petit march\u00e9 sur la place en face de l'h\u00f4tel de ville de L'Ile Bouchard.\r\n\r\nEn saison, il ya aussi des march\u00e9s \u00e0 th\u00e8me (historiques, gourmands, braderies, vide greniers et brocantes.\r\nTous les troisi\u00e8me dimanches du mois il y a \u00e9galement la brocante mensuelle, le long de la Vienne \u00e0 Chinon.\r\n\r\n<img class=\"alignnone wp-image-160 alignright\" src=\"http:\/\/gitecollinedubonheur.nl\/wp-content\/uploads\/2016\/02\/watermolen.jpg\" alt=\"watermolen\" width=\"219\" height=\"164\" \/>Pour les cyclistes et les marcheurs, il existe de nombreux sentiers balis\u00e9s. \r\nCartes \u00e0 v\u00e9lo\/randonn\u00e9e sur l'Internet et gratuitement dans les offices de tourisme.\r\nLe liens: <span style=\"color: #993300;\"><a style=\"color: #993300;\" href=\"http:\/\/www.touraineloirevalley.com\/\" target=\"_blank\">Touraine Loire Valley (Fran\u00e7ais)<\/a><\/span>","_fr_post_name":"alentours","_fr_post_excerpt":"","_fr_post_title":"Alentours","edit_language":"en","footnotes":""},"class_list":["post-24","page","type-page","status-publish","hentry"],"_links":{"self":[{"href":"https:\/\/gitecollinedubonheur.nl\/en\/wp-json\/wp\/v2\/pages\/24","targetHints":{"allow":["GET"]}}],"collection":[{"href":"https:\/\/gitecollinedubonheur.nl\/en\/wp-json\/wp\/v2\/pages"}],"about":[{"href":"https:\/\/gitecollinedubonheur.nl\/en\/wp-json\/wp\/v2\/types\/page"}],"author":[{"embeddable":true,"href":"https:\/\/gitecollinedubonheur.nl\/en\/wp-json\/wp\/v2\/users\/1"}],"replies":[{"embeddable":true,"href":"https:\/\/gitecollinedubonheur.nl\/en\/wp-json\/wp\/v2\/comments?post=24"}],"version-history":[{"count":36,"href":"https:\/\/gitecollinedubonheur.nl\/en\/wp-json\/wp\/v2\/pages\/24\/revisions"}],"predecessor-version":[{"id":899,"href":"https:\/\/gitecollinedubonheur.nl\/en\/wp-json\/wp\/v2\/pages\/24\/revisions\/899"}],"up":[{"embeddable":true,"href":"https:\/\/gitecollinedubonheur.nl\/en\/wp-json\/wp\/v2\/pages\/19"}],"wp:attachment":[{"href":"https:\/\/gitecollinedubonheur.nl\/en\/wp-json\/wp\/v2\/media?parent=24"}],"curies":[{"name":"wp","href":"https:\/\/api.w.org\/{rel}","templated":true}]}}