{"id":747,"date":"2016-03-13T16:19:22","date_gmt":"2016-03-13T15:19:22","guid":{"rendered":"http:\/\/gitecollinedubonheur.nl\/nl\/?page_id=747"},"modified":"2017-01-17T22:17:08","modified_gmt":"2017-01-17T21:17:08","slug":"route","status":"publish","type":"page","link":"https:\/\/gitecollinedubonheur.nl\/fr\/contact\/route\/","title":{"rendered":"Route","raw":"Route"},"content":{"rendered":"<p>Coordonn\u00e9es GPS:<br \/>\nLatitude <strong><span style=\"color: #0000ff;\">47.105767<\/span><\/strong>, Longtitude <strong><span style=\"color: #0000ff;\">0.433942<\/span><\/strong><br \/>\nRouteplanner: <strong><span style=\"color: #993300;\"><a style=\"color: #993300;\" href=\"http:\/\/viamichelin.fr\" target=\"_blank\">via michelin (Fran\u00e7ais)<\/a><\/span><\/strong><\/p>\n<h4><strong><span style=\"color: #993300;\">Bordeaux &#8211; Paris par l&rsquo;A10<\/span><\/strong><\/h4>\n<p>Paris-Bordeaux (ou Bordeaux-Paris) pas l&rsquo;A10. Prendre la sortie no. 25:  Sainte-Maure de Touraine. Les derniers 15 km, prendre la route principale (D760) vers L&rsquo;Ile Bouchard. Vous traversez les deux ponts dans L&rsquo;ile Bouchard et imm\u00e9diatement apr\u00e8s, vous tournez \u00e0 gauche en suivant la direction de Theneuil (D18). Suivez la direction Theneuil (D110) \u00e0 gauche. Apr\u00e8s environ 1 km, en bas de la colline vous prenez la premi\u00e8re route \u00e0 droite (direction g\u00eete Bearnais). Il s&rsquo;agit de la rue des Caves. En haut cette colline, avant que la route tourne \u00e0 gauche, se trouve votre location Colline du Bonheur.  <\/p>\n<h4><strong><span style=\"color: #993300;\">Angers &#8211; Vierzon par l&rsquo;A85<\/span><\/strong><\/h4>\n<h4><\/h4>\n<p>Angers-Vierzon (ou Virzon-Angers) puis l&rsquo;A85 en direction de Tours \/ Saumur, puis sortie 5 en direction de Bourgueil \/ Chinon. De Chinon prendre la direction de L&rsquo;Ile Bouchard. Arriv\u00e9 \u00e0 L&rsquo;ile Bouchard ne passez pas le pont mais rouler parall\u00e8le \u00e0 la fleuve &lsquo;la Vienne&rsquo; en direction de Theneuil.<br \/>\nChoisissez votre itin\u00e9raire par le p\u00e9age (frais) ou decouverte (sans frais) par <strong><span style=\"color: #993300;\"><a style=\"color: #993300;\" href=\"http:\/\/viamichelin.fr\" target=\"_blank\">via michelin (Fran\u00e7ais)<\/a><\/span><\/strong>  et vous pouvez imm\u00e9diatement consulter les frais d&rsquo;autoroute et les radars fixes.<br \/>\n<center><iframe loading=\"lazy\" style=\"border: 0;\" src=\"https:\/\/www.google.com\/maps\/embed?pb=!1m18!1m12!1m3!1d1357.8006280147897!2d0.43548254126995417!3d47.10688711443661!2m3!1f0!2f0!3f0!3m2!1i1024!2i768!4f13.1!3m3!1m2!1s0x0%3A0x73528a6e5cd1e531!2sGite+Colline+du+Bonheur!5e0!3m2!1snl!2snl!4v1484687459095\" width=\"600\" height=\"450\" frameborder=\"0\" allowfullscreen=\"allowfullscreen\"><\/iframe><\/center><\/p>\n","protected":false,"raw":"Coordonn\u00e9es GPS:\r\nLatitude <strong><span style=\"color: #0000ff;\">47.105767<\/span><\/strong>, Longtitude <strong><span style=\"color: #0000ff;\">0.433942<\/span><\/strong>\r\nRouteplanner: <strong><span style=\"color: #993300;\"><a style=\"color: #993300;\" href=\"http:\/\/viamichelin.fr\" target=\"_blank\">via michelin (Fran\u00e7ais)<\/a><\/span><\/strong>\r\n<h4><strong><span style=\"color: #993300;\">Bordeaux - Paris par l'A10<\/span><\/strong><\/h4>\r\nParis-Bordeaux (ou Bordeaux-Paris) pas l'A10. Prendre la sortie no. 25:  Sainte-Maure de Touraine. Les derniers 15 km, prendre la route principale (D760) vers L'Ile Bouchard. Vous traversez les deux ponts dans L'ile Bouchard et imm\u00e9diatement apr\u00e8s, vous tournez \u00e0 gauche en suivant la direction de Theneuil (D18). Suivez la direction Theneuil (D110) \u00e0 gauche. Apr\u00e8s environ 1 km, en bas de la colline vous prenez la premi\u00e8re route \u00e0 droite (direction g\u00eete Bearnais). Il s'agit de la rue des Caves. En haut cette colline, avant que la route tourne \u00e0 gauche, se trouve votre location Colline du Bonheur.  \r\n<h4><strong><span style=\"color: #993300;\">Angers - Vierzon par l'A85<\/span><\/strong><\/h4>\r\n<h4><\/h4>\r\nAngers-Vierzon (ou Virzon-Angers) puis l'A85 en direction de Tours \/ Saumur, puis sortie 5 en direction de Bourgueil \/ Chinon. De Chinon prendre la direction de L'Ile Bouchard. Arriv\u00e9 \u00e0 L'ile Bouchard ne passez pas le pont mais rouler parall\u00e8le \u00e0 la fleuve 'la Vienne' en direction de Theneuil. \r\nChoisissez votre itin\u00e9raire par le p\u00e9age (frais) ou decouverte (sans frais) par <strong><span style=\"color: #993300;\"><a style=\"color: #993300;\" href=\"http:\/\/viamichelin.fr\" target=\"_blank\">via michelin (Fran\u00e7ais)<\/a><\/span><\/strong>  et vous pouvez imm\u00e9diatement consulter les frais d'autoroute et les radars fixes. \r\n<center><iframe style=\"border: 0;\" src=\"https:\/\/www.google.com\/maps\/embed?pb=!1m18!1m12!1m3!1d1357.8006280147897!2d0.43548254126995417!3d47.10688711443661!2m3!1f0!2f0!3f0!3m2!1i1024!2i768!4f13.1!3m3!1m2!1s0x0%3A0x73528a6e5cd1e531!2sGite+Colline+du+Bonheur!5e0!3m2!1snl!2snl!4v1484687459095\" width=\"600\" height=\"450\" frameborder=\"0\" allowfullscreen=\"allowfullscreen\"><\/iframe><\/center>\r\n"},"excerpt":{"rendered":"","protected":false,"raw":""},"author":1,"featured_media":0,"parent":33,"menu_order":1,"comment_status":"closed","ping_status":"closed","template":"","meta":{"_nl_post_content":"GPS co\u00f6rdinaten:\r\nLatitude <strong><span style=\"color: #0000ff;\">47.105767<\/span><\/strong>, Longtitude <strong><span style=\"color: #0000ff;\">0.433942<\/span><\/strong>\r\nRouteplanner: <strong><span style=\"color: #993300;\"><a style=\"color: #993300;\" href=\"http:\/\/viamichelin.nl\" target=\"_blank\">via michelin (Nederlands)<\/a><\/span><\/strong>\r\n<h4><strong><span style=\"color: #993300;\">Vanaf Rotterdam, Utrecht, Antwerpen, Gent:<\/span><\/strong><\/h4>\r\nU rijdt richting Parijs over de A1 vanaf Lille. Direct na vliegveld Charles de Gaulle houdt u richting Bordeaux aan (vele afslagen op de Oostelijke randweg van Parijs!).\r\nDe route vervolgt via de A10 Orleans, Blois en tot net voorbij Tours afslag 25 Sainte-Maure-de-Touraine.\r\nDe laatste 15 kilometer rijdt u over de provinciale weg (D760) naar L\u2019ile Bouchard.\r\nIn L\u2019ile Bouchard aangekomen, rijdt u over de brug en direct hierna houdt u links richting Theneuil aan (D18-D110).\r\nNa ca. 1 km, ruim voordat u het bord voor de bebouwde kom Theneuil tegenkomt moet u echter al rechtsaf de heuvel op, feitelijk de eerste weg naar rechts nadat u de D110 bent opgereden.\r\nDit is de Rue des Caves. Bovenaan de heuvel, voordat de weg naar links draait, bevindt zich G\u00eete Colline du Bonheur (blauwe poort!) . Vanaf Hazeldonk-Breda beslaat de route ca. 685 kilometer.\r\n<h4><strong><span style=\"color: #993300;\">Alternatief, als u niet over Parijs wilt rijden:<\/span><\/strong><\/h4>\r\n<h4><\/h4>\r\nU kunt ook kiezen voor de iets langere, maar rustige route via Lille, Rouen, Le Mans, Tours, en net voorbij Tours afslag 25 Sainte-Maure-de-Touraine.\r\nDe laatste 15 kilometer rijdt u over de provinciale weg (D760) naar L\u2019ile Bouchard.\r\nIn L\u2019ile Bouchard aangekomen, rijdt u over de brug en direct hierna houdt u links richting Theneuil aan (D18-D110).\r\nNa ca. 1 km, ruim voordat u het bord voor de bebouwde kom Theneuil tegenkomt moet u echter al rechtsaf de heuvel op, feitelijk de eerste weg naar rechts nadat u de D110 bent opgereden.\r\nDit is de Rue des Caves. Bovenaan de heuvel, voordat de weg naar links draait, bevindt zich G\u00eete Colline du Bonheur (blauwe poort!).Vanaf Hazeldonk-Breda beslaat de route ca. 842 kilometer\r\nU komt dan niet door Parijs en ook niet langs Orleans.\r\nKies uw route via de p\u00e9age (tolwegen) of d\u00e9couverte (binnendoor) via de routeplanner\u00a0<strong><span style=\"color: #993300;\"><a style=\"color: #993300;\" href=\"http:\/\/viamichelin.nl\" target=\"_blank\">via michelin (Nederlands)<\/a><\/span><\/strong> en u ziet direct wat dit u in tijd, kilometers en geld scheelt.\r\n<center><iframe style=\"border: 0;\" src=\"https:\/\/www.google.com\/maps\/embed?pb=!1m18!1m12!1m3!1d1357.8006280147897!2d0.43548254126995417!3d47.10688711443661!2m3!1f0!2f0!3f0!3m2!1i1024!2i768!4f13.1!3m3!1m2!1s0x0%3A0x73528a6e5cd1e531!2sGite+Colline+du+Bonheur!5e0!3m2!1snl!2snl!4v1484687459095\" width=\"600\" height=\"450\" frameborder=\"0\" allowfullscreen=\"allowfullscreen\"><\/iframe><\/center>","_nl_post_name":"route","_nl_post_excerpt":"","_nl_post_title":"Route","_en_post_content":"GPS coordinates:\r\nLatitude <strong><span style=\"color: #0000ff;\">47.105767<\/span><\/strong>, Longtitude <strong><span style=\"color: #0000ff;\">0.433942<\/span><\/strong>\r\nRouteplanner: <strong><span style=\"color: #993300;\"><a style=\"color: #993300;\" href=\"http:\/\/viamichelin.com\" target=\"_blank\">via michelin (English)<\/a><\/span><\/strong>\r\n<h4><strong><span style=\"color: #993300;\">From Calais:<\/span><\/strong><\/h4>\r\nContinue on the A28 towards Paris from Calais. Immediately after Charles de Gaulle airport continue to follow direction Bordeaux (many turns in the eastern ring road of Paris!).\r\nThe route continues via the A10 Orl\u00e9ans, Blois and Tours, just past Tours exit 25 Sainte-Maure de Touraine.\r\nThe last 15 kilometers, take the main road (D760) to L'ile Bouchard. Arrived in L'ile Bouchard, you drive over the bridge and immediately bear left following the direction Theneuil (D18-D110).\r\nAfter approx. 1 km, well before you encounter the sign for urban area Theneuil you already turn right, up the hill, actually the first right after you have taken the exit to the D110 from L'ile Bouchard. This is the Rue des Caves. On the top of the hill, before the road turns to the left, is rental Colline du Bonheur (blue gate!). From Calais route covers about 569 kilometers.\r\n<h4><strong><span style=\"color: #993300;\">Alternatively, if you do not want to drive across Paris:<\/span><\/strong><\/h4>\r\nYou can also opt for the slightly longer, but quiet route via Calais, Rouen, Le Mans, Tours, and take the exit 25 Sainte-Maure de Touraine, The last 15 kilometers, take the main road (D760) to L'ile Bouchard. Arrived in L'ile Bouchard, you drive over the bridge and immediately bear left following the direction Theneuil (D18-D110).\r\nAfter approx. 1 km, well before you encounter the sign for urban area Theneuil you already turn right, up the hill, actually the first right after you have taken the exit to the D110 from L'ile Bouchard. This is the Rue des Caves. On the top of the hill, before the road turns to the left, is rental Colline du Bonheur (blue gate!). From Calais route covers about 575 kilometers.\r\nYou will drive in Paris nor along Orleans or Tours.\r\nChoose your route through <strong><span style=\"color: #993300;\"><a style=\"color: #993300;\" href=\"http:\/\/viamichelin.com\" target=\"_blank\">via michelin (English)<\/a><\/span><\/strong> and you see immediately what you save in time, mileage and money.\r\n<center><iframe style=\"border: 0;\" src=\"https:\/\/www.google.com\/maps\/embed?pb=!1m18!1m12!1m3!1d1357.8006280147897!2d0.43548254126995417!3d47.10688711443661!2m3!1f0!2f0!3f0!3m2!1i1024!2i768!4f13.1!3m3!1m2!1s0x0%3A0x73528a6e5cd1e531!2sGite+Colline+du+Bonheur!5e0!3m2!1snl!2snl!4v1484687459095\" width=\"600\" height=\"450\" frameborder=\"0\" allowfullscreen=\"allowfullscreen\"><\/iframe><\/center>","_en_post_name":"route","_en_post_excerpt":"","_en_post_title":"Route","_fr_post_content":"Coordonn\u00e9es GPS:\r\nLatitude <strong><span style=\"color: #0000ff;\">47.105767<\/span><\/strong>, Longtitude <strong><span style=\"color: #0000ff;\">0.433942<\/span><\/strong>\r\nRouteplanner: <strong><span style=\"color: #993300;\"><a style=\"color: #993300;\" href=\"http:\/\/viamichelin.fr\" target=\"_blank\">via michelin (Fran\u00e7ais)<\/a><\/span><\/strong>\r\n<h4><strong><span style=\"color: #993300;\">Bordeaux - Paris par l'A10<\/span><\/strong><\/h4>\r\nParis-Bordeaux (ou Bordeaux-Paris) pas l'A10. Prendre la sortie no. 25:  Sainte-Maure de Touraine. Les derniers 15 km, prendre la route principale (D760) vers L'Ile Bouchard. Vous traversez les deux ponts dans L'ile Bouchard et imm\u00e9diatement apr\u00e8s, vous tournez \u00e0 gauche en suivant la direction de Theneuil (D18). Suivez la direction Theneuil (D110) \u00e0 gauche. Apr\u00e8s environ 1 km, en bas de la colline vous prenez la premi\u00e8re route \u00e0 droite (direction g\u00eete Bearnais). Il s'agit de la rue des Caves. En haut cette colline, avant que la route tourne \u00e0 gauche, se trouve votre location Colline du Bonheur.  \r\n<h4><strong><span style=\"color: #993300;\">Angers - Vierzon par l'A85<\/span><\/strong><\/h4>\r\n<h4><\/h4>\r\nAngers-Vierzon (ou Virzon-Angers) puis l'A85 en direction de Tours \/ Saumur, puis sortie 5 en direction de Bourgueil \/ Chinon. De Chinon prendre la direction de L'Ile Bouchard. Arriv\u00e9 \u00e0 L'ile Bouchard ne passez pas le pont mais rouler parall\u00e8le \u00e0 la fleuve 'la Vienne' en direction de Theneuil. \r\nChoisissez votre itin\u00e9raire par le p\u00e9age (frais) ou decouverte (sans frais) par <strong><span style=\"color: #993300;\"><a style=\"color: #993300;\" href=\"http:\/\/viamichelin.fr\" target=\"_blank\">via michelin (Fran\u00e7ais)<\/a><\/span><\/strong>  et vous pouvez imm\u00e9diatement consulter les frais d'autoroute et les radars fixes. \r\n<center><iframe style=\"border: 0;\" src=\"https:\/\/www.google.com\/maps\/embed?pb=!1m18!1m12!1m3!1d1357.8006280147897!2d0.43548254126995417!3d47.10688711443661!2m3!1f0!2f0!3f0!3m2!1i1024!2i768!4f13.1!3m3!1m2!1s0x0%3A0x73528a6e5cd1e531!2sGite+Colline+du+Bonheur!5e0!3m2!1snl!2snl!4v1484687459095\" width=\"600\" height=\"450\" frameborder=\"0\" allowfullscreen=\"allowfullscreen\"><\/iframe><\/center>\r\n","_fr_post_name":"route","_fr_post_excerpt":"","_fr_post_title":"Route","edit_language":"fr","footnotes":""},"class_list":["post-747","page","type-page","status-publish","hentry"],"_links":{"self":[{"href":"https:\/\/gitecollinedubonheur.nl\/fr\/wp-json\/wp\/v2\/pages\/747","targetHints":{"allow":["GET"]}}],"collection":[{"href":"https:\/\/gitecollinedubonheur.nl\/fr\/wp-json\/wp\/v2\/pages"}],"about":[{"href":"https:\/\/gitecollinedubonheur.nl\/fr\/wp-json\/wp\/v2\/types\/page"}],"author":[{"embeddable":true,"href":"https:\/\/gitecollinedubonheur.nl\/fr\/wp-json\/wp\/v2\/users\/1"}],"replies":[{"embeddable":true,"href":"https:\/\/gitecollinedubonheur.nl\/fr\/wp-json\/wp\/v2\/comments?post=747"}],"version-history":[{"count":39,"href":"https:\/\/gitecollinedubonheur.nl\/fr\/wp-json\/wp\/v2\/pages\/747\/revisions"}],"predecessor-version":[{"id":964,"href":"https:\/\/gitecollinedubonheur.nl\/fr\/wp-json\/wp\/v2\/pages\/747\/revisions\/964"}],"up":[{"embeddable":true,"href":"https:\/\/gitecollinedubonheur.nl\/fr\/wp-json\/wp\/v2\/pages\/33"}],"wp:attachment":[{"href":"https:\/\/gitecollinedubonheur.nl\/fr\/wp-json\/wp\/v2\/media?parent=747"}],"curies":[{"name":"wp","href":"https:\/\/api.w.org\/{rel}","templated":true}]}}