{"id":16,"date":"2016-02-07T16:23:07","date_gmt":"2016-02-07T15:23:07","guid":{"rendered":"http:\/\/gitecollinedubonheur.nl\/?page_id=16"},"modified":"2019-01-06T13:30:21","modified_gmt":"2019-01-06T12:30:21","slug":"home","status":"publish","type":"page","link":"https:\/\/gitecollinedubonheur.nl\/nl\/","title":{"rendered":"Home"},"content":{"rendered":"<div>\n<h2><strong><span style=\"color: #993300;\">Gite Colline du Bonheur<\/span><\/strong><\/h2>\n<h4><strong><span style=\"color: #993300;\"> Welkom op de heuvel van geluk<\/span><\/strong><\/h4>\n<p>Ten zuidwesten van Parijs, aan de rand van de Loirevallei, hebben Yvonne en Patrice Seveau-de Hiep zich letterlijk jaren in het zweet gewerkt om een vervallen boerenerf met opstallen te restaureren.<br \/>\nDe Nederlandse Yvonne woonde er al enkele jaren voordat ze de Franse Patrice leerde kennen.<br \/>\nEigenhandig en met de hulp van vele vrienden zijn ze aan hun levenswerk begonnen.<br \/>\nZe verzamelden onder andere oude, authentieke materialen, zoals de streekgebonden, typische kalkstenen, oude dakpannen, deuren en eiken balken.<br \/>\nStap voor stap, en met vallen en opstaan, veranderde het vervallen terrein in een paradijsje van geluk op de heuvel (colline du bonheur) tussen L\u2019\u00eele Bouchard en Theneuil, in het zuidelijke gedeelte van de Loirevallei.<br \/>\nHet stel is eind 2010 getrouwd en startte in 2011 met het verhuren van hun knusse g\u00eete.<br \/>\nOp het erf scharrelen kippen en ganzen en in het voorjaar nestelen er boerenzwaluwen, putters en merels.<br \/>\nIn de wei achter hun boerderij staan de trouwe pony\u2019s Samber, Bart en Ben die jaren geleden met Yvonne uit Nederland naar Frankrijk emigreerden.<br \/>\nYvonne spreekt Nederlands, Frans en Engels.<\/p>\n<h1><img loading=\"lazy\" decoding=\"async\" class=\"wp-image-154 aligncenter\" src=\"http:\/\/gitecollinedubonheur.nl\/wp-content\/uploads\/2016\/02\/01_Gite_Colline_Du_Bonheur_BG-300x96.jpg\" alt=\"_01_Gite_Colline_Du_Bonheur_BG\" width=\"707\" height=\"226\" srcset=\"https:\/\/gitecollinedubonheur.nl\/wp-content\/uploads\/2016\/02\/01_Gite_Colline_Du_Bonheur_BG-300x96.jpg 300w, https:\/\/gitecollinedubonheur.nl\/wp-content\/uploads\/2016\/02\/01_Gite_Colline_Du_Bonheur_BG-768x245.jpg 768w, https:\/\/gitecollinedubonheur.nl\/wp-content\/uploads\/2016\/02\/01_Gite_Colline_Du_Bonheur_BG-700x223.jpg 700w, https:\/\/gitecollinedubonheur.nl\/wp-content\/uploads\/2016\/02\/01_Gite_Colline_Du_Bonheur_BG.jpg 800w\" sizes=\"auto, (max-width: 707px) 100vw, 707px\" \/><\/h1>\n<\/div>\n","protected":false},"excerpt":{"rendered":"","protected":false},"author":1,"featured_media":0,"parent":0,"menu_order":1,"comment_status":"closed","ping_status":"closed","template":"","meta":{"_nl_post_content":"<div>\n<h2><strong><span style=\"color: #993300;\">Gite Colline du Bonheur<\/span><\/strong><\/h2>\n<h4><strong><span style=\"color: #993300;\"> Welkom op de heuvel van geluk<\/span><\/strong><\/h4>\nTen zuidwesten van Parijs, aan de rand van de Loirevallei, hebben Yvonne en Patrice Seveau-de Hiep zich letterlijk jaren in het zweet gewerkt om een vervallen boerenerf met opstallen te restaureren.\nDe Nederlandse Yvonne woonde er al enkele jaren voordat ze de Franse Patrice leerde kennen.\nEigenhandig en met de hulp van vele vrienden zijn ze aan hun levenswerk begonnen.\nZe verzamelden onder andere oude, authentieke materialen, zoals de streekgebonden, typische kalkstenen, oude dakpannen, deuren en eiken balken.\nStap voor stap, en met vallen en opstaan, veranderde het vervallen terrein in een paradijsje van geluk op de heuvel (colline du bonheur) tussen L\u2019\u00eele Bouchard en Theneuil, in het zuidelijke gedeelte van de Loirevallei.\nHet stel is eind 2010 getrouwd en startte in 2011 met het verhuren van hun knusse g\u00eete.\nOp het erf scharrelen kippen en ganzen en in het voorjaar nestelen er boerenzwaluwen, putters en merels.\nIn de wei achter hun boerderij staan de trouwe pony\u2019s Samber, Bart en Ben die jaren geleden met Yvonne uit Nederland naar Frankrijk emigreerden.\nYvonne spreekt Nederlands, Frans en Engels.\n<h1><img class=\"wp-image-154 aligncenter\" src=\"http:\/\/gitecollinedubonheur.nl\/wp-content\/uploads\/2016\/02\/01_Gite_Colline_Du_Bonheur_BG-300x96.jpg\" alt=\"_01_Gite_Colline_Du_Bonheur_BG\" width=\"707\" height=\"226\" \/><\/h1>\n<\/div>","_nl_post_name":"home","_nl_post_excerpt":"","_nl_post_title":"Home","_en_post_content":"<h2><strong><span style=\"color: #993300;\">Gite Colline du Bonheur<\/span><\/strong><\/h2>\n<h4><strong><span style=\"color: #993300;\">Welcome to the hill of happiness<\/span><\/strong><\/h4>\nSouthwest of Paris, on the edge of the Loire Valley, Patrice and Yvonne Seveau-de Hiep have literally worked years up a sweat to restore dilapidated farm buildings.\nThe Dutch Yvonne lived there for several years before she met the French Patrice.\nWith their own hands and with the help of many friends, they began their life's work.\nThey collected old, authentic materials, such as the area bound, typically limestone, old tiles, doors and oak beams.\nStep by step, through trial and error, changing the expiry field in a paradise of happiness on the hill between L'ile Bouchard and Theneuil.\nThe couple married late 2010 and launched the hiring of a cozy cottage in 2011.\nOn their property&nbsp; scratching chickens and geese, nesting farmer swallows, blackbirds and goldfinches in springtime.\nThe meadow behind their farm houses the three loyal ponies Samber,&nbsp; Bart and Ben who emigrated with Yvonne from the Netherlands to France years ago.\nYvonne speaks Dutch, French and English.\n<img class=\"wp-image-154 aligncenter\" src=\"http:\/\/gitecollinedubonheur.nl\/wp-content\/uploads\/2016\/02\/01_Gite_Colline_Du_Bonheur_BG-300x96.jpg\" alt=\"\" width=\"707\">","_en_post_name":"home","_en_post_excerpt":"","_en_post_title":"","_fr_post_content":"<div>\n<h2><strong><span style=\"color: #993300;\">Gite Colline du Bonheur<\/span><\/strong><\/h2>\n<h4><strong><span style=\"color: #993300;\">Bienvenue sur la colline du bonheur<\/span><\/strong><\/h4>\nSud-Ouest de Paris, \u00e0 la p\u00e9riph\u00e9rie de la Vall\u00e9e de Loire, Yvonne et Patrice Seveau\u2013de Hiep litt\u00e9ralement travaill\u00e9 ann\u00e9es \u00e0 suer \u00e0 restaurer une ferme et b\u00e2timents d\u00e9labr\u00e9e.\nLe n\u00e9erlandais Yvonne ya v\u00e9cu pendant plusieurs ann\u00e9es avant sa rencontre avec les Fran\u00e7ais Patrice. Avec ses propres mains et avec l\u2019aide de nombreux amis, ils ont commenc\u00e9 leur vie professionnelle. Ils ont recueilli comprennent anciennes et authentiques mat\u00e9riaux, comme les pierres calcaire, des vieilles tuiles, portes et poutres en ch\u00eane. \u00c9tape par \u00e9tape, par essais et erreurs, de modifier le champ d\u2019expiration dans un paradis de bonheur sur la colline entre l\u2019Ile Bouchard et Theneuil. Le couple s\u2019est mari\u00e9 \u00e0 la fin 2010 et en 2011 ont lanc\u00e9 leur g\u00eete confortable \u00e0 louer pour un week-end ou un jour f\u00e9ri\u00e9. Les oies et les poules grattent dans la cour et les hirondelles, des merles et les chardonnerets nichent dans le printemps.\nDans le pr\u00e9 derri\u00e8re leur ferme les fid\u00e8les trois poneys broutent, Sambre, Bart et Ben, que \u00e9migr\u00e9 avec Yvonne des Pays-Bas \u00e0 la France.\nYvonne parle n\u00e9erlandais, fran\u00e7ais et anglais.\n<h1><img class=\"wp-image-154 aligncenter\" src=\"http:\/\/gitecollinedubonheur.nl\/wp-content\/uploads\/2016\/02\/01_Gite_Colline_Du_Bonheur_BG-300x96.jpg\" alt=\"_01_Gite_Colline_Du_Bonheur_BG\" width=\"707\" height=\"226\" \/><\/h1>\n<\/div>","_fr_post_name":"home","_fr_post_excerpt":"","_fr_post_title":"Accueil","edit_language":"nl","footnotes":""},"class_list":["post-16","page","type-page","status-publish","hentry"],"_links":{"self":[{"href":"https:\/\/gitecollinedubonheur.nl\/nl\/wp-json\/wp\/v2\/pages\/16","targetHints":{"allow":["GET"]}}],"collection":[{"href":"https:\/\/gitecollinedubonheur.nl\/nl\/wp-json\/wp\/v2\/pages"}],"about":[{"href":"https:\/\/gitecollinedubonheur.nl\/nl\/wp-json\/wp\/v2\/types\/page"}],"author":[{"embeddable":true,"href":"https:\/\/gitecollinedubonheur.nl\/nl\/wp-json\/wp\/v2\/users\/1"}],"replies":[{"embeddable":true,"href":"https:\/\/gitecollinedubonheur.nl\/nl\/wp-json\/wp\/v2\/comments?post=16"}],"version-history":[{"count":29,"href":"https:\/\/gitecollinedubonheur.nl\/nl\/wp-json\/wp\/v2\/pages\/16\/revisions"}],"predecessor-version":[{"id":1037,"href":"https:\/\/gitecollinedubonheur.nl\/nl\/wp-json\/wp\/v2\/pages\/16\/revisions\/1037"}],"wp:attachment":[{"href":"https:\/\/gitecollinedubonheur.nl\/nl\/wp-json\/wp\/v2\/media?parent=16"}],"curies":[{"name":"wp","href":"https:\/\/api.w.org\/{rel}","templated":true}]}}