{"id":26,"date":"2016-02-07T16:24:03","date_gmt":"2016-02-07T15:24:03","guid":{"rendered":"http:\/\/gitecollinedubonheur.nl\/?page_id=26"},"modified":"2016-08-22T19:22:00","modified_gmt":"2016-08-22T17:22:00","slug":"trips","status":"publish","type":"page","link":"https:\/\/gitecollinedubonheur.nl\/nl\/info\/trips\/","title":{"rendered":"Trips"},"content":{"rendered":"<p>Vanaf hier kunt u snel de regio Limousin (Limoges, Haute-Vienne) and the region Pays de la Loire (Saumur and Angers, in the region of Anjou, Maine-et-Loire) bereiken.<br \/>\nRichting het noorden rijdt u dwars door de Loirevallei, ook wel de tuin van Frankrijk genoemd.<br \/>\nHier vindt u de prachtigste forten, tuinen en kastelen zoals in Chinon (19 km), het decor voor belangrijke momenten in de Franse historie waar de Tempeliers, Karel de VIIe en Jeanne D\u2019Arc deel van uitmaken.<img decoding=\"async\" class=\"size-medium wp-image-634 alignright\" src=\"http:\/\/gitecollinedubonheur.nl\/wp-content\/uploads\/2016\/03\/richelieu-300x178.jpg\" alt=\"\" height=\"170\" srcset=\"https:\/\/gitecollinedubonheur.nl\/wp-content\/uploads\/2016\/03\/richelieu-300x178.jpg 300w, https:\/\/gitecollinedubonheur.nl\/wp-content\/uploads\/2016\/03\/richelieu.jpg 645w\" sizes=\"(max-width: 300px) 100vw, 300px\" \/><\/p>\n<p>Richelieu (19 km) waar de gelijknamige kardinaal (1585-1642), tot zijn dood eerste minister voor Lodewijk de XIIIe, uit zijn vergaarde fortuin het modelstadje Richelieu liet bouwen. Kardinaal Richelieu is de \u201cslechterik\u201d in het verhaal van Alexandre Dumas van de drie musketiers.<\/p>\n<p>U kunt in een straal van +\/- 125 km ook snel bij andere kastelen, wijngaarden, tuinen, kathedralen en abdijen van de Loirevallei komen, zoals:<\/p>\n<div id=\"attachment_182\" style=\"width: 310px\" class=\"wp-caption alignleft\"><img loading=\"lazy\" decoding=\"async\" aria-describedby=\"caption-attachment-182\" class=\"alignnone wp-image-186\" src=\"http:\/\/gitecollinedubonheur.nl\/wp-content\/uploads\/2016\/02\/4bb6747b88047e5c5c74800f3581729c-300x193.jpg\" alt=\"4bb6747b88047e5c5c74800f3581729c\" width=\"300\" height=\"144\" \/><p id=\"caption-attachment-182\" class=\"wp-caption-text\"><img decoding=\"async\" class=\"alignnone wp-image-182\" src=\"http:\/\/gitecollinedubonheur.nl\/wp-content\/uploads\/2016\/02\/pt56289.1265903-300x225.jpg\" alt=\"pt56289.1265903\" width=\"300\" srcset=\"https:\/\/gitecollinedubonheur.nl\/wp-content\/uploads\/2016\/02\/pt56289.1265903-300x225.jpg 300w, https:\/\/gitecollinedubonheur.nl\/wp-content\/uploads\/2016\/02\/pt56289.1265903.jpg 450w\" sizes=\"(max-width: 300px) 100vw, 300px\" \/><\/p><\/div>\n<ul>\n<li>Rigny-Uss\u00e9 (kasteel van Doornroosje)<\/li>\n<li>Rivau<\/li>\n<li>Azay-le-Rideau<\/li>\n<li>Bourgeuil<\/li>\n<li>Langeais<\/li>\n<li>Tours (petit Paris)<\/li>\n<li>Chinon<\/li>\n<li>Amboise<\/li>\n<li>Villandry<\/li>\n<li>Chenonseau<\/li>\n<li>Blois<\/li>\n<li>Chambord<\/li>\n<li>Ch\u00e2teau du Clos Luc\u00e9 (Leonardo Da Vinci &#8211; Amboise)<\/li>\n<li>Saumur<\/li>\n<li>Montsoreau<\/li>\n<li>Fontevraud L&#8217;Abbaye Royale<\/li>\n<li>en nog veel meer<\/li>\n<\/ul>\n<p><img loading=\"lazy\" decoding=\"async\" class=\"aligncenter wp-image-184\" src=\"http:\/\/gitecollinedubonheur.nl\/wp-content\/uploads\/2016\/02\/chateaux_de_la_loire_carte-300x91.gif\" alt=\"chateaux_de_la_loire_carte\" width=\"564\" height=\"171\" \/><\/p>\n<p><img loading=\"lazy\" decoding=\"async\" class=\"size-medium wp-image-177 alignright\" src=\"http:\/\/gitecollinedubonheur.nl\/wp-content\/uploads\/2016\/02\/P7310013-300x225.jpg\" alt=\"Cano\u00eb\" width=\"300\" height=\"225\" srcset=\"https:\/\/gitecollinedubonheur.nl\/wp-content\/uploads\/2016\/02\/P7310013-300x225.jpg 300w, https:\/\/gitecollinedubonheur.nl\/wp-content\/uploads\/2016\/02\/P7310013-768x576.jpg 768w, https:\/\/gitecollinedubonheur.nl\/wp-content\/uploads\/2016\/02\/P7310013-700x525.jpg 700w, https:\/\/gitecollinedubonheur.nl\/wp-content\/uploads\/2016\/02\/P7310013.jpg 800w\" sizes=\"auto, (max-width: 300px) 100vw, 300px\" \/><br \/>\nEr zijn meerdere fietsroutes langs de loire. In Chinon kunt u fietsen huren, maar ook kano&#8217;s en kayaks.<br \/>\nOp de Loire en de Vienne zijn meerdere tochten mogelijk van een halve dag, hele dag, en zelfs voor enkele dagen.<br \/>\nMeer info: <strong><span style=\"text-decoration: underline;\"><span style=\"color: #993300;\"><a style=\"color: #993300; text-decoration: underline;\" href=\"http:\/\/www.loisirs-nature.fr\/\" target=\"_blank\">CLAN Chinon (Frans)<\/a><\/span><\/span><\/strong><\/p>\n<p><a title=\"Opent in nieuw venster\" href=\"http:\/\/gitecollinedubonheur.nl\/wp-content\/uploads\/2016\/02\/carte_touraine.pdf\" target=\"_blank\"><img loading=\"lazy\" decoding=\"async\" class=\"size-full wp-image-837 alignleft\" src=\"http:\/\/gitecollinedubonheur.nl\/wp-content\/uploads\/2016\/08\/download_carte.jpg\" alt=\"\" width=\"268\" height=\"254\" \/><\/a><br \/>\n<strong>Download Kaart: <a href=\"https:\/\/gitecollinedubonheur.nl\/wp-content\/plugins\/download-attachments\/includes\/download.php?id=ITKsuPRd9SJKpzmFe0pEaw,,\" attachment_id=\"841\" title=\"Touraine\" class=\"da-download-link da-download-attachment-841\">Touraine<\/a><\/strong><\/p>\n<p><h6>Bron Kaart: <a href=\"http:\/\/www.chinon-valdeloire.com\/\" target=\"_blank\">Chinon &#8211; Val de Loire<\/a><\/h6><\/p>\n","protected":false},"excerpt":{"rendered":"","protected":false},"author":1,"featured_media":0,"parent":19,"menu_order":3,"comment_status":"closed","ping_status":"closed","template":"","meta":{"_nl_post_content":"Vanaf hier kunt u snel de regio Limousin (Limoges, Haute-Vienne) and the region Pays de la Loire (Saumur and Angers, in the region of Anjou, Maine-et-Loire) bereiken.\r\nRichting het noorden rijdt u dwars door de Loirevallei, ook wel de tuin van Frankrijk genoemd.\r\nHier vindt u de prachtigste forten, tuinen en kastelen zoals in Chinon (19 km), het decor voor belangrijke momenten in de Franse historie waar de Tempeliers, Karel de VIIe en Jeanne D\u2019Arc deel van uitmaken.<img class=\"size-medium wp-image-634 alignright\" src=\"http:\/\/gitecollinedubonheur.nl\/wp-content\/uploads\/2016\/03\/richelieu-300x178.jpg\" alt=\"\" height=\"170\" \/>\r\n\r\nRichelieu (19 km) waar de gelijknamige kardinaal (1585-1642), tot zijn dood eerste minister voor Lodewijk de XIIIe, uit zijn vergaarde fortuin het modelstadje Richelieu liet bouwen. Kardinaal Richelieu is de \u201cslechterik\u201d in het verhaal van Alexandre Dumas van de drie musketiers.\r\n\r\nU kunt in een straal van +\/- 125 km ook snel bij andere kastelen, wijngaarden, tuinen, kathedralen en abdijen van de Loirevallei komen, zoals:\r\n\r\n[caption id=\"attachment_182\" align=\"alignleft\" width=\"300\"]<img class=\"alignnone wp-image-186\" src=\"http:\/\/gitecollinedubonheur.nl\/wp-content\/uploads\/2016\/02\/4bb6747b88047e5c5c74800f3581729c-300x193.jpg\" alt=\"4bb6747b88047e5c5c74800f3581729c\" width=\"300\" height=\"144\" \/> <img class=\"alignnone wp-image-182\" src=\"http:\/\/gitecollinedubonheur.nl\/wp-content\/uploads\/2016\/02\/pt56289.1265903-300x225.jpg\" alt=\"pt56289.1265903\" width=\"300\" \/>[\/caption]\r\n<ul>\r\n \t<li>Rigny-Uss\u00e9 (kasteel van Doornroosje)<\/li>\r\n \t<li>Rivau<\/li>\r\n \t<li>Azay-le-Rideau<\/li>\r\n \t<li>Bourgeuil<\/li>\r\n \t<li>Langeais<\/li>\r\n \t<li>Tours (petit Paris)<\/li>\r\n \t<li>Chinon<\/li>\r\n \t<li>Amboise<\/li>\r\n \t<li>Villandry<\/li>\r\n \t<li>Chenonseau<\/li>\r\n \t<li>Blois<\/li>\r\n \t<li>Chambord<\/li>\r\n \t<li>Ch\u00e2teau du Clos Luc\u00e9 (Leonardo Da Vinci - Amboise)<\/li>\r\n \t<li>Saumur<\/li>\r\n \t<li>Montsoreau<\/li>\r\n \t<li>Fontevraud L'Abbaye Royale<\/li>\r\n \t<li>en nog veel meer<\/li>\r\n<\/ul>\r\n<img class=\"aligncenter wp-image-184\" src=\"http:\/\/gitecollinedubonheur.nl\/wp-content\/uploads\/2016\/02\/chateaux_de_la_loire_carte-300x91.gif\" alt=\"chateaux_de_la_loire_carte\" width=\"564\" height=\"171\" \/>\r\n\r\n<img class=\"size-medium wp-image-177 alignright\" src=\"http:\/\/gitecollinedubonheur.nl\/wp-content\/uploads\/2016\/02\/P7310013-300x225.jpg\" alt=\"Cano\u00eb\" width=\"300\" height=\"225\" \/>\r\nEr zijn meerdere fietsroutes langs de loire. In Chinon kunt u fietsen huren, maar ook kano's en kayaks.\r\nOp de Loire en de Vienne zijn meerdere tochten mogelijk van een halve dag, hele dag, en zelfs voor enkele dagen.\r\nMeer info: <strong><span style=\"text-decoration: underline;\"><span style=\"color: #993300;\"><a style=\"color: #993300; text-decoration: underline;\" href=\"http:\/\/www.loisirs-nature.fr\/\" target=\"_blank\">CLAN Chinon (Frans)<\/a><\/span><\/span><\/strong>\r\n<p><a title=\"Opent in nieuw venster\" href=\"http:\/\/gitecollinedubonheur.nl\/wp-content\/uploads\/2016\/02\/carte_touraine.pdf\" target=\"_blank\"><img class=\"size-full wp-image-837 alignleft\" src=\"http:\/\/gitecollinedubonheur.nl\/wp-content\/uploads\/2016\/08\/download_carte.jpg\" alt=\"\" width=\"268\" height=\"254\" \/><\/a>\r\n<strong>Download Kaart: [download-attachment id=\"841\" title=\"Touraine\"]<\/strong><\/p>\r\n\r\n<p><h6>Bron Kaart: <a href=\"http:\/\/www.chinon-valdeloire.com\/\" target=\"_blank\">Chinon - Val de Loire<\/a><\/h6><\/p>","_nl_post_name":"trips","_nl_post_excerpt":"","_nl_post_title":"Trips","_en_post_content":"From here you can visite either the region of Limousin (Limoges, Haute-Vienne) and the region Pays de la Loire (Saumur and Angers, in the region of Anjou, Maine-et-Loire) quickly.\r\nTo the north you drive through the Loire Valley, also called the garden of France.\r\nHere are the most magnificent forts, castles and gardens such as Chinon (19 km), the backdrop to key moments in French history which include the Templar Knights, Charles the VII and Jeanne d'Arc.<img class=\"size-medium wp-image-634 alignright\" src=\"http:\/\/gitecollinedubonheur.nl\/wp-content\/uploads\/2016\/03\/richelieu-300x178.jpg\" alt=\"\" height=\"170\" \/>\r\n\r\nRichelieu (19 km) named after the Cardinal (1585-1642), until his death the first minister for Louis XIII, of his fortune he built \"Richelieu\"as the model town. Cardinal Richelieu was the \"bad guy\" in the story of Alexandre Dumas' Three Musketeers.\r\n\r\nYou can use a radius of +\/- 125 km o other castles, vineyards, gardens, cathedrals and abbeys of the Loire Valley, such as:\r\n\r\n[caption id=\"attachment_182\" align=\"alignleft\" width=\"300\"]<img class=\"alignnone wp-image-186\" src=\"http:\/\/gitecollinedubonheur.nl\/wp-content\/uploads\/2016\/02\/4bb6747b88047e5c5c74800f3581729c-300x193.jpg\" alt=\"4bb6747b88047e5c5c74800f3581729c\" width=\"300\" height=\"144\" \/> <img class=\"alignnone wp-image-182\" src=\"http:\/\/gitecollinedubonheur.nl\/wp-content\/uploads\/2016\/02\/pt56289.1265903-300x225.jpg\" alt=\"pt56289.1265903\" width=\"300\" \/>[\/caption]\r\n<ul>\r\n\t<li>Rigny-Uss\u00e9 (Sleeping Beauty Castle)<\/li>\r\n\t<li>Rivau<\/li>\r\n\t<li>Azay-le-Rideau<\/li>\r\n\t<li>Bourgeuil<\/li>\r\n\t<li>Langeais<\/li>\r\n\t<li>Tours (petit Paris)<\/li>\r\n\t<li>Chinon<\/li>\r\n\t<li>Amboise<\/li>\r\n\t<li>Villandry<\/li>\r\n\t<li>Chenonseau<\/li>\r\n\t<li>Blois<\/li>\r\n\t<li>Chambord<\/li>\r\n\t<li>Ch\u00e2teau du Clos Luc\u00e9 (Leonardo Da Vinci - Amboise)<\/li>\r\n\t<li>Saumur<\/li>\r\n\t<li>Montsoreau<\/li>\r\n\t<li>Fontevraud L'Abbaye Royale<\/li>\r\n\t<li>en nog veel meer<\/li>\r\n<\/ul>\r\n<img class=\"aligncenter wp-image-184\" src=\"http:\/\/gitecollinedubonheur.nl\/wp-content\/uploads\/2016\/02\/chateaux_de_la_loire_carte-300x91.gif\" alt=\"chateaux_de_la_loire_carte\" width=\"564\" height=\"171\" \/>\r\n\r\n<img class=\"size-medium wp-image-177 alignright\" src=\"http:\/\/gitecollinedubonheur.nl\/wp-content\/uploads\/2016\/02\/P7310013-300x225.jpg\" alt=\"Cano\u00eb\" width=\"300\" height=\"225\" \/>\r\nThere are several cycling routes along the Loire. Chinon you can rent bikes, as well as canoes and kayaks.\r\nOn the Loire and the Vienne are several tours possible half-day, full day, or even for several days.\r\nMore info: <strong><span style=\"text-decoration: underline;\"><span style=\"color: #993300;\"><a style=\"color: #993300; text-decoration: underline;\" href=\"http:\/\/www.loisirs-nature.fr\/\" target=\"_blank\">CLAN Chinon (French)<\/a><\/span><\/span><\/strong>\r\n<p><a title=\"Opens in new window\" href=\"http:\/\/gitecollinedubonheur.nl\/wp-content\/uploads\/2016\/02\/carte_touraine.pdf\" target=\"_blank\"><img class=\"size-full wp-image-837 alignleft\" src=\"http:\/\/gitecollinedubonheur.nl\/wp-content\/uploads\/2016\/08\/download_carte.jpg\" alt=\"\" width=\"268\" height=\"254\" \/><\/a>\r\n<strong>Download Cart: [download-attachment id=\"841\" title=\"Touraine\"]<\/strong><\/p>\r\n\r\n<p><h6>Source Cart: <a href=\"http:\/\/www.chinon-valdeloire.com\/\" target=\"_blank\">Chinon - Val de Loire<\/a><\/h6><\/p>","_en_post_name":"trips","_en_post_excerpt":"","_en_post_title":"Trips","_fr_post_content":"D'ici, vous pouvez visiter soit vers le sud la r\u00e9gion du Limousin (Limoges, Haute-Vienne), vers l'ouest la r\u00e9gion Pays de la Loire (Saumur et Angers, dans la r\u00e9gion d'Anjou, le Maine-et-Loire) et vers le nord, vous traverserez la vall\u00e9e de la Loire, \u00e9galement appel\u00e9e le jardin de la France.\r\nVous y trouverez les forts les plus magnifiques, des ch\u00e2teaux et des jardins tels que Chinon (19 km), la toile de fond \u00e0 des moments cl\u00e9s de l'histoire fran\u00e7aise, qui comprennent les Templiers, Charles VII et Jeanne d'Arc.<img class=\"size-medium wp-image-634 alignright\" src=\"http:\/\/gitecollinedubonheur.nl\/wp-content\/uploads\/2016\/03\/richelieu-300x178.jpg\" alt=\"\" height=\"170\" \/>\r\n\r\nRichelieu (19 km), le nom du Cardinal (1585-1642), le premier ministre de Louis XIII. Avec sa fortune, il a fait construire \u00abRichelieu\u00bb, comme une ville mod\u00e8le. Le Cardinal de Richelieu a \u00e9t\u00e9 le \u00abm\u00e9chant\u00bb dans l'histoire des Trois Mousquetaires d'Alexandre Dumas.\r\n\r\nDans un rayon de +\/- 125 km vous trouverez d'autres ch\u00e2teaux, vignobles, jardins, cath\u00e9drales et abbayes de la vall\u00e9e de la Loire, tels que:\r\n\r\n[caption id=\"attachment_182\" align=\"alignleft\" width=\"300\"]<img class=\"alignnone wp-image-186\" src=\"http:\/\/gitecollinedubonheur.nl\/wp-content\/uploads\/2016\/02\/4bb6747b88047e5c5c74800f3581729c-300x193.jpg\" alt=\"4bb6747b88047e5c5c74800f3581729c\" width=\"300\" height=\"144\" \/> <img class=\"alignnone wp-image-182\" src=\"http:\/\/gitecollinedubonheur.nl\/wp-content\/uploads\/2016\/02\/pt56289.1265903-300x225.jpg\" alt=\"pt56289.1265903\" width=\"300\" \/>[\/caption]\r\n<ul>\r\n\t<li>Rigny-Uss\u00e9 (Le Chateau du Belle au bois dormant)<\/li>\r\n\t<li>Rivau<\/li>\r\n\t<li>Azay-le-Rideau<\/li>\r\n\t<li>Bourgeuil<\/li>\r\n\t<li>Langeais<\/li>\r\n\t<li>Tours (petit Paris)<\/li>\r\n\t<li>Chinon<\/li>\r\n\t<li>Amboise<\/li>\r\n\t<li>Villandry<\/li>\r\n\t<li>Chenonseau<\/li>\r\n\t<li>Blois<\/li>\r\n\t<li>Chambord<\/li>\r\n\t<li>Ch\u00e2teau du Clos Luc\u00e9 (Leonardo Da Vinci - Amboise)<\/li>\r\n\t<li>Saumur<\/li>\r\n\t<li>Montsoreau<\/li>\r\n\t<li>Fontevraud L'Abbaye Royale<\/li>\r\n\t<li>en nog veel meer<\/li>\r\n<\/ul>\r\n<img class=\"aligncenter wp-image-184\" src=\"http:\/\/gitecollinedubonheur.nl\/wp-content\/uploads\/2016\/02\/chateaux_de_la_loire_carte-300x91.gif\" alt=\"chateaux_de_la_loire_carte\" width=\"564\" height=\"171\" \/>\r\n\r\n<img class=\"size-medium wp-image-177 alignright\" src=\"http:\/\/gitecollinedubonheur.nl\/wp-content\/uploads\/2016\/02\/P7310013-300x225.jpg\" alt=\"Cano\u00eb\" width=\"300\" height=\"225\" \/>\r\nIl y a plusieurs pistes cyclables le long de la Loire. Chinon vous pouvez louer des v\u00e9los, ainsi que des canots et des kayaks.\r\nSur la Loire et la Vienne sont plusieurs tours possibles demi-journ\u00e9e, journ\u00e9e compl\u00e8te, ou m\u00eame pendant plusieurs jours.\r\nPlus d'infos: <strong><span style=\"text-decoration: underline;\"><span style=\"color: #993300;\"><a style=\"color: #993300; text-decoration: underline;\" href=\"http:\/\/www.loisirs-nature.fr\/\" target=\"_blank\">CLAN Chinon<\/a><\/span><\/span><\/strong>\r\n<p><a title=\"Ouvre dans une nouvelle fen\u00eatre\" href=\"http:\/\/gitecollinedubonheur.nl\/wp-content\/uploads\/2016\/02\/carte_touraine.pdf\" target=\"_blank\"><img class=\"size-full wp-image-837 alignleft\" src=\"http:\/\/gitecollinedubonheur.nl\/wp-content\/uploads\/2016\/08\/download_carte.jpg\" alt=\"\" width=\"268\" height=\"254\" \/><\/a>\r\n<strong>Download Carte: [download-attachment id=\"841\" title=\"Touraine\"]<\/strong><\/p>\r\n\r\n<p><h6>Source du Carte: <a href=\"http:\/\/www.chinon-valdeloire.com\/\" target=\"_blank\">Chinon - Val de Loire<\/a><\/h6><\/p>","_fr_post_name":"sorties","_fr_post_excerpt":"","_fr_post_title":"Sorties","edit_language":"nl","footnotes":""},"class_list":["post-26","page","type-page","status-publish","hentry"],"_links":{"self":[{"href":"https:\/\/gitecollinedubonheur.nl\/nl\/wp-json\/wp\/v2\/pages\/26","targetHints":{"allow":["GET"]}}],"collection":[{"href":"https:\/\/gitecollinedubonheur.nl\/nl\/wp-json\/wp\/v2\/pages"}],"about":[{"href":"https:\/\/gitecollinedubonheur.nl\/nl\/wp-json\/wp\/v2\/types\/page"}],"author":[{"embeddable":true,"href":"https:\/\/gitecollinedubonheur.nl\/nl\/wp-json\/wp\/v2\/users\/1"}],"replies":[{"embeddable":true,"href":"https:\/\/gitecollinedubonheur.nl\/nl\/wp-json\/wp\/v2\/comments?post=26"}],"version-history":[{"count":39,"href":"https:\/\/gitecollinedubonheur.nl\/nl\/wp-json\/wp\/v2\/pages\/26\/revisions"}],"predecessor-version":[{"id":897,"href":"https:\/\/gitecollinedubonheur.nl\/nl\/wp-json\/wp\/v2\/pages\/26\/revisions\/897"}],"up":[{"embeddable":true,"href":"https:\/\/gitecollinedubonheur.nl\/nl\/wp-json\/wp\/v2\/pages\/19"}],"wp:attachment":[{"href":"https:\/\/gitecollinedubonheur.nl\/nl\/wp-json\/wp\/v2\/media?parent=26"}],"curies":[{"name":"wp","href":"https:\/\/api.w.org\/{rel}","templated":true}]}}