{"id":28,"date":"2016-02-07T16:24:22","date_gmt":"2016-02-07T15:24:22","guid":{"rendered":"http:\/\/gitecollinedubonheur.nl\/?page_id=28"},"modified":"2016-03-13T11:59:58","modified_gmt":"2016-03-13T10:59:58","slug":"over-ons","status":"publish","type":"page","link":"https:\/\/gitecollinedubonheur.nl\/nl\/info\/over-ons\/","title":{"rendered":"Over Ons"},"content":{"rendered":"<p><img loading=\"lazy\" decoding=\"async\" class=\"size-medium wp-image-210 alignleft\" src=\"http:\/\/gitecollinedubonheur.nl\/wp-content\/uploads\/2016\/02\/DSC02018-yvonne-en-patrice-300x225.jpg\" alt=\"DSC02018-yvonne-en-patrice\" width=\"300\" height=\"225\" \/><img loading=\"lazy\" decoding=\"async\" class=\"size-medium wp-image-211 alignright\" src=\"http:\/\/gitecollinedubonheur.nl\/wp-content\/uploads\/2016\/02\/samber-en-harold-samen-225x300.jpg\" alt=\"samber-en-harold-samen\" width=\"225\" height=\"300\" \/><br \/>\nHallo, ik heet Yvonne De Hiep en dit is mijn man Patrice Seveau.<\/p>\n<p>Ik ben de eigenaresse van de G\u00eete Colline du Bonheur en heet u graag van harte welkom.<br \/>\nIk ben Nederlandse van geboorte maar woon hier al geruime tijd.<\/p>\n<p>Deze heuvel bracht mij indertijd hier met mijn honden, paarden, pony&#8217;s, hond en katten \u00e8n bracht mij samen met Patrice.<br \/>\nZodoende hebben we onze g\u00eete de heuvel van geluk genoemd.<br \/>\nIn het frans:<\/p>\n<h4 style=\"text-align: center;\"><strong><span style=\"color: #993300;\">Colline du Bonheur<\/span><\/strong><\/h4>\n<p>&nbsp;<\/p>\n<p><img loading=\"lazy\" decoding=\"async\" class=\"size-full wp-image-154 aligncenter\" src=\"http:\/\/gitecollinedubonheur.nl\/wp-content\/uploads\/2016\/02\/01_Gite_Colline_Du_Bonheur_BG.jpg\" alt=\"\" width=\"800\" height=\"255\" srcset=\"https:\/\/gitecollinedubonheur.nl\/wp-content\/uploads\/2016\/02\/01_Gite_Colline_Du_Bonheur_BG.jpg 800w, https:\/\/gitecollinedubonheur.nl\/wp-content\/uploads\/2016\/02\/01_Gite_Colline_Du_Bonheur_BG-300x96.jpg 300w, https:\/\/gitecollinedubonheur.nl\/wp-content\/uploads\/2016\/02\/01_Gite_Colline_Du_Bonheur_BG-768x245.jpg 768w, https:\/\/gitecollinedubonheur.nl\/wp-content\/uploads\/2016\/02\/01_Gite_Colline_Du_Bonheur_BG-700x223.jpg 700w\" sizes=\"auto, (max-width: 800px) 100vw, 800px\" \/><\/p>\n","protected":false},"excerpt":{"rendered":"","protected":false},"author":1,"featured_media":0,"parent":19,"menu_order":4,"comment_status":"closed","ping_status":"closed","template":"","meta":{"_nl_post_content":"<img class=\"size-medium wp-image-210 alignleft\" src=\"http:\/\/gitecollinedubonheur.nl\/wp-content\/uploads\/2016\/02\/DSC02018-yvonne-en-patrice-300x225.jpg\" alt=\"DSC02018-yvonne-en-patrice\" width=\"300\" height=\"225\" \/><img class=\"size-medium wp-image-211 alignright\" src=\"http:\/\/gitecollinedubonheur.nl\/wp-content\/uploads\/2016\/02\/samber-en-harold-samen-225x300.jpg\" alt=\"samber-en-harold-samen\" width=\"225\" height=\"300\" \/>\r\nHallo, ik heet Yvonne De Hiep en dit is mijn man Patrice Seveau.\r\n\r\nIk ben de eigenaresse van de G\u00eete Colline du Bonheur en heet u graag van harte welkom.\r\nIk ben Nederlandse van geboorte maar woon hier al geruime tijd.\r\n\r\nDeze heuvel bracht mij indertijd hier met mijn honden, paarden, pony's, hond en katten \u00e8n bracht mij samen met Patrice.\r\nZodoende hebben we onze g\u00eete de heuvel van geluk genoemd.\r\nIn het frans:\r\n<h4 style=\"text-align: center;\"><strong><span style=\"color: #993300;\">Colline du Bonheur<\/span><\/strong><\/h4>\r\n&nbsp;\r\n\r\n<img class=\"size-full wp-image-154 aligncenter\" src=\"http:\/\/gitecollinedubonheur.nl\/wp-content\/uploads\/2016\/02\/01_Gite_Colline_Du_Bonheur_BG.jpg\" alt=\"\" width=\"800\" height=\"255\" \/>","_nl_post_name":"over-ons","_nl_post_excerpt":"","_nl_post_title":"Over Ons","_en_post_content":"<img class=\"size-medium wp-image-210 alignleft\" src=\"http:\/\/gitecollinedubonheur.nl\/wp-content\/uploads\/2016\/02\/DSC02018-yvonne-en-patrice-300x225.jpg\" alt=\"DSC02018-yvonne-en-patrice\" width=\"300\" height=\"225\" \/><img class=\"size-medium wp-image-211 alignright\" src=\"http:\/\/gitecollinedubonheur.nl\/wp-content\/uploads\/2016\/02\/samber-en-harold-samen-225x300.jpg\" alt=\"samber-en-harold-samen\" width=\"225\" height=\"300\" \/>\r\nHello, my name is Yvonne Seveau-De Hiep and this is my husband Patrice Seveau. \r\nI'm the owner of the cottage \"G\u00eete Colline du Bonheur\" and I'm happy to welcome you.\r\nI am Dutch but live here for quite some time. \r\n\r\nThis hill enabled me to settle in France together with my horses, poneys, my dog Lady and 4 cats.\r\nWhen I met my husband Patrice we created this cottage and we called it the hill of happiness.\r\n\r\nIn French:\r\n<h4 style=\"text-align: center;\"><strong><span style=\"color: #993300;\">Colline du Bonheur<\/span><\/strong><\/h4>\r\n\r\n<img class=\"size-full wp-image-154 aligncenter\" src=\"http:\/\/gitecollinedubonheur.nl\/wp-content\/uploads\/2016\/02\/01_Gite_Colline_Du_Bonheur_BG.jpg\" alt=\"\" width=\"800\" height=\"255\" \/>","_en_post_name":"about-us","_en_post_excerpt":"","_en_post_title":"About us","_fr_post_content":"<img class=\"size-medium wp-image-210 alignleft\" src=\"http:\/\/gitecollinedubonheur.nl\/wp-content\/uploads\/2016\/02\/DSC02018-yvonne-en-patrice-300x225.jpg\" alt=\"DSC02018-yvonne-en-patrice\" width=\"300\" height=\"225\" \/><img class=\"size-medium wp-image-211 alignright\" src=\"http:\/\/gitecollinedubonheur.nl\/wp-content\/uploads\/2016\/02\/samber-en-harold-samen-225x300.jpg\" alt=\"samber-en-harold-samen\" width=\"225\" height=\"300\" \/>\r\nSalut, mon nom est Yvonne Seveau - de Hiep et voici mon mari Patrice Seveau. \r\n\r\nJe suis le propri\u00e9taire du G\u00eete Colline du Bonheur et je vous souhaite la bienvenue. \r\n\r\nJe suis Hollandaise de naissance, mais habite depuis des ann\u00e9es d\u00e9j\u00e0 en France. \r\n\r\nCette colline m'a permis de m'installer avec mes chevaux, poneys, ma chienne Lady et les chats. \r\nEnsuite j'ai rencontr\u00e9 Patrice et nous avons donc appel\u00e9 notre g\u00eete:\r\n<h4 style=\"text-align: center;\"><strong><span style=\"color: #993300;\">Colline du Bonheur<\/span><\/strong><\/h4>\r\n&nbsp;\r\n\r\n<img class=\"size-full wp-image-154 aligncenter\" src=\"http:\/\/gitecollinedubonheur.nl\/wp-content\/uploads\/2016\/02\/01_Gite_Colline_Du_Bonheur_BG.jpg\" alt=\"\" width=\"800\" height=\"255\" \/>","_fr_post_name":"yvonne-et-patrice","_fr_post_excerpt":"","_fr_post_title":"Yvonne et Patrice","edit_language":"nl","footnotes":""},"class_list":["post-28","page","type-page","status-publish","hentry"],"_links":{"self":[{"href":"https:\/\/gitecollinedubonheur.nl\/nl\/wp-json\/wp\/v2\/pages\/28","targetHints":{"allow":["GET"]}}],"collection":[{"href":"https:\/\/gitecollinedubonheur.nl\/nl\/wp-json\/wp\/v2\/pages"}],"about":[{"href":"https:\/\/gitecollinedubonheur.nl\/nl\/wp-json\/wp\/v2\/types\/page"}],"author":[{"embeddable":true,"href":"https:\/\/gitecollinedubonheur.nl\/nl\/wp-json\/wp\/v2\/users\/1"}],"replies":[{"embeddable":true,"href":"https:\/\/gitecollinedubonheur.nl\/nl\/wp-json\/wp\/v2\/comments?post=28"}],"version-history":[{"count":43,"href":"https:\/\/gitecollinedubonheur.nl\/nl\/wp-json\/wp\/v2\/pages\/28\/revisions"}],"predecessor-version":[{"id":704,"href":"https:\/\/gitecollinedubonheur.nl\/nl\/wp-json\/wp\/v2\/pages\/28\/revisions\/704"}],"up":[{"embeddable":true,"href":"https:\/\/gitecollinedubonheur.nl\/nl\/wp-json\/wp\/v2\/pages\/19"}],"wp:attachment":[{"href":"https:\/\/gitecollinedubonheur.nl\/nl\/wp-json\/wp\/v2\/media?parent=28"}],"curies":[{"name":"wp","href":"https:\/\/api.w.org\/{rel}","templated":true}]}}